{"id":42387,"date":"2026-05-04T16:22:42","date_gmt":"2026-05-04T14:22:42","guid":{"rendered":"https:\/\/giftbar.flowers\/?post_type=product&#038;p=42387"},"modified":"2026-05-04T16:22:43","modified_gmt":"2026-05-04T14:22:43","slug":"bukiet-roz-pink-athena","status":"publish","type":"product","link":"https:\/\/giftbar.flowers\/uk\/product\/bukiet-roz-pink-athena\/","title":{"rendered":"Bukiet r\u00f3\u017c Pink Athena"},"content":{"rendered":"<p>(Holandia)<\/p>\n","protected":false},"excerpt":{"rendered":"<p>(Holandia)<\/p>\n","protected":false},"featured_media":42388,"template":"","meta":[],"product_brand":[],"product_cat":[1235,477],"product_tag":[],"class_list":{"0":"post-42387","1":"product","2":"type-product","3":"status-publish","4":"has-post-thumbnail","6":"product_cat-calculation","7":"product_cat-bukiety-roz","9":"first","10":"instock","11":"shipping-taxable","12":"purchasable","13":"product-type-simple"},"yoast_head":"<!-- This site is optimized with the Yoast SEO plugin v25.7 - https:\/\/yoast.com\/wordpress\/plugins\/seo\/ -->\n<title>Bukiet r\u00f3\u017c Pink Athena - Giftbar Flowers<\/title>\n<meta name=\"description\" content=\"Bukiet r\u00f3\u017c Pink Athena - Giftbar Flowers\" \/>\n<meta name=\"robots\" content=\"index, follow, max-snippet:-1, max-image-preview:large, max-video-preview:-1\" \/>\n<meta property=\"og:locale\" content=\"ua_UA\" \/>\n<meta property=\"og:type\" content=\"article\" \/>\n<meta property=\"og:title\" content=\"Bukiet r\u00f3\u017c Pink Athena - Giftbar Flowers\" \/>\n<meta property=\"og:description\" content=\"Bukiet r\u00f3\u017c Pink Athena - Giftbar Flowers\" \/>\n<meta property=\"og:url\" content=\"https:\/\/giftbar.flowers\/product\/bukiet-roz-pink-athena\/\" \/>\n<meta property=\"og:site_name\" content=\"Giftbar Flowers\" \/>\n<meta property=\"article:modified_time\" content=\"2026-05-04T14:22:43+00:00\" \/>\n<meta property=\"og:image\" content=\"https:\/\/giftbar.flowers\/wp-content\/uploads\/2026\/05\/bukietrozpinkathena_kwiaciarniawarszawa_kwiatywarszawa_dostawakwiatowwarszawa_rozewarszawa_piwoniewarszawa.jpg\" \/>\n\t<meta property=\"og:image:width\" content=\"1080\" \/>\n\t<meta property=\"og:image:height\" content=\"1350\" \/>\n\t<meta property=\"og:image:type\" content=\"image\/jpeg\" \/>\n<meta name=\"twitter:card\" content=\"summary_large_image\" \/>\n<meta name=\"twitter:label1\" content=\"Est. reading time\" \/>\n\t<meta name=\"twitter:data1\" content=\"1 minute\" \/>\n<script type=\"application\/ld+json\" class=\"yoast-schema-graph\">{\"@context\":\"https:\/\/schema.org\",\"@graph\":[{\"@type\":\"WebPage\",\"@id\":\"https:\/\/giftbar.flowers\/product\/bukiet-roz-pink-athena\/\",\"url\":\"https:\/\/giftbar.flowers\/product\/bukiet-roz-pink-athena\/\",\"name\":\"Bukiet r\u00f3\u017c Pink Athena - Giftbar Flowers\",\"isPartOf\":{\"@id\":\"https:\/\/giftbar.flowers\/#website\"},\"primaryImageOfPage\":{\"@id\":\"https:\/\/giftbar.flowers\/product\/bukiet-roz-pink-athena\/#primaryimage\"},\"image\":{\"@id\":\"https:\/\/giftbar.flowers\/product\/bukiet-roz-pink-athena\/#primaryimage\"},\"thumbnailUrl\":\"https:\/\/giftbar.flowers\/wp-content\/uploads\/2026\/05\/bukietrozpinkathena_kwiaciarniawarszawa_kwiatywarszawa_dostawakwiatowwarszawa_rozewarszawa_piwoniewarszawa.jpg\",\"datePublished\":\"2026-05-04T14:22:42+00:00\",\"dateModified\":\"2026-05-04T14:22:43+00:00\",\"description\":\"Bukiet r\u00f3\u017c Pink Athena - Giftbar Flowers\",\"breadcrumb\":{\"@id\":\"https:\/\/giftbar.flowers\/product\/bukiet-roz-pink-athena\/#breadcrumb\"},\"inLanguage\":\"Ua\",\"potentialAction\":[{\"@type\":\"ReadAction\",\"target\":[\"https:\/\/giftbar.flowers\/product\/bukiet-roz-pink-athena\/\"]}]},{\"@type\":\"ImageObject\",\"inLanguage\":\"Ua\",\"@id\":\"https:\/\/giftbar.flowers\/product\/bukiet-roz-pink-athena\/#primaryimage\",\"url\":\"https:\/\/giftbar.flowers\/wp-content\/uploads\/2026\/05\/bukietrozpinkathena_kwiaciarniawarszawa_kwiatywarszawa_dostawakwiatowwarszawa_rozewarszawa_piwoniewarszawa.jpg\",\"contentUrl\":\"https:\/\/giftbar.flowers\/wp-content\/uploads\/2026\/05\/bukietrozpinkathena_kwiaciarniawarszawa_kwiatywarszawa_dostawakwiatowwarszawa_rozewarszawa_piwoniewarszawa.jpg\",\"width\":1080,\"height\":1350,\"caption\":\"Kwiaty Warszawa, \u0426\u0432\u0435\u0442\u044b \u0412\u0430\u0440\u0448\u0430\u0432\u0430, \u041a\u0432\u0456\u0442\u0438 \u0412\u0430\u0440\u0448\u0430\u0432\u0430, Flowers in Warsaw, Dostawa kwiat\u00f3w Warszawa, \u0426\u0432\u0435\u0442\u044b \u0441 \u0434\u043e\u0441\u0442\u0430\u0432\u043a\u043e\u0439 \u0432 \u0412\u0430\u0440\u0448\u0430\u0432\u0435, \u0417\u0430\u043a\u0430\u0437\u0430\u0442\u044c \u0446\u0432\u0435\u0442\u044b \u0432 \u0412\u0430\u0440\u0448\u0430\u0432\u0435, Dostawa kwiat\u00f3w, Bukiet z dostaw\u0105 Warszawa, Bukiet zam\u00f3wi\u0107, Kwia\u0441iarnia Mokot\u00f3w, Kwiaty dla domu, Kwiaty \u015br\u00f3dmie\u015bcie, kwiaty, r\u00f3\u017ce, peony, piwonia, Bouquet in Warsaw, kwiaty dla domu, bukiet z piwonii, hortensja, bukiet z hortensji, kwiaty\"},{\"@type\":\"BreadcrumbList\",\"@id\":\"https:\/\/giftbar.flowers\/product\/bukiet-roz-pink-athena\/#breadcrumb\",\"itemListElement\":[{\"@type\":\"ListItem\",\"position\":1,\"name\":\"Bukiet r\u00f3\u017c\",\"item\":\"https:\/\/giftbar.flowers\/kolekcje\/kwiaty\/bukiety-roz\/\"},{\"@type\":\"ListItem\",\"position\":2,\"name\":\"Bukiet r\u00f3\u017c Pink Athena\"}]},{\"@type\":\"WebSite\",\"@id\":\"https:\/\/giftbar.flowers\/#website\",\"url\":\"https:\/\/giftbar.flowers\/\",\"name\":\"Giftbar Flowers\",\"description\":\"\u0434\u043e\u0441\u0442\u0430\u0432\u043a\u0430 \u043a\u0432\u0456\u0442\u0456\u0432, \u043a\u0443\u043b\u044c\u043e\u043a, \u043f\u043e\u0434\u0430\u0440\u0443\u043d\u043a\u0456\u0432.\",\"alternateName\":\"Giftbar Flowers\",\"potentialAction\":[{\"@type\":\"SearchAction\",\"target\":{\"@type\":\"EntryPoint\",\"urlTemplate\":\"https:\/\/giftbar.flowers\/?s={search_term_string}\"},\"query-input\":{\"@type\":\"PropertyValueSpecification\",\"valueRequired\":true,\"valueName\":\"search_term_string\"}}],\"inLanguage\":\"Ua\"}]}<\/script>\n<!-- \/ Yoast SEO plugin. -->","yoast_head_json":{"title":"Bukiet r\u00f3\u017c Pink Athena - Giftbar Flowers","description":"Bukiet r\u00f3\u017c Pink Athena - Giftbar Flowers","robots":{"index":"index","follow":"follow","max-snippet":"max-snippet:-1","max-image-preview":"max-image-preview:large","max-video-preview":"max-video-preview:-1"},"og_locale":"ua_UA","og_type":"article","og_title":"Bukiet r\u00f3\u017c Pink Athena - Giftbar Flowers","og_description":"Bukiet r\u00f3\u017c Pink Athena - Giftbar Flowers","og_url":"https:\/\/giftbar.flowers\/product\/bukiet-roz-pink-athena\/","og_site_name":"Giftbar Flowers","article_modified_time":"2026-05-04T14:22:43+00:00","og_image":[{"width":1080,"height":1350,"url":"https:\/\/giftbar.flowers\/wp-content\/uploads\/2026\/05\/bukietrozpinkathena_kwiaciarniawarszawa_kwiatywarszawa_dostawakwiatowwarszawa_rozewarszawa_piwoniewarszawa.jpg","type":"image\/jpeg"}],"twitter_card":"summary_large_image","twitter_misc":{"Est. reading time":"1 minute"},"schema":{"@context":"https:\/\/schema.org","@graph":[{"@type":"WebPage","@id":"https:\/\/giftbar.flowers\/product\/bukiet-roz-pink-athena\/","url":"https:\/\/giftbar.flowers\/product\/bukiet-roz-pink-athena\/","name":"Bukiet r\u00f3\u017c Pink Athena - Giftbar Flowers","isPartOf":{"@id":"https:\/\/giftbar.flowers\/#website"},"primaryImageOfPage":{"@id":"https:\/\/giftbar.flowers\/product\/bukiet-roz-pink-athena\/#primaryimage"},"image":{"@id":"https:\/\/giftbar.flowers\/product\/bukiet-roz-pink-athena\/#primaryimage"},"thumbnailUrl":"https:\/\/giftbar.flowers\/wp-content\/uploads\/2026\/05\/bukietrozpinkathena_kwiaciarniawarszawa_kwiatywarszawa_dostawakwiatowwarszawa_rozewarszawa_piwoniewarszawa.jpg","datePublished":"2026-05-04T14:22:42+00:00","dateModified":"2026-05-04T14:22:43+00:00","description":"Bukiet r\u00f3\u017c Pink Athena - Giftbar Flowers","breadcrumb":{"@id":"https:\/\/giftbar.flowers\/product\/bukiet-roz-pink-athena\/#breadcrumb"},"inLanguage":"Ua","potentialAction":[{"@type":"ReadAction","target":["https:\/\/giftbar.flowers\/product\/bukiet-roz-pink-athena\/"]}]},{"@type":"ImageObject","inLanguage":"Ua","@id":"https:\/\/giftbar.flowers\/product\/bukiet-roz-pink-athena\/#primaryimage","url":"https:\/\/giftbar.flowers\/wp-content\/uploads\/2026\/05\/bukietrozpinkathena_kwiaciarniawarszawa_kwiatywarszawa_dostawakwiatowwarszawa_rozewarszawa_piwoniewarszawa.jpg","contentUrl":"https:\/\/giftbar.flowers\/wp-content\/uploads\/2026\/05\/bukietrozpinkathena_kwiaciarniawarszawa_kwiatywarszawa_dostawakwiatowwarszawa_rozewarszawa_piwoniewarszawa.jpg","width":1080,"height":1350,"caption":"Kwiaty Warszawa, \u0426\u0432\u0435\u0442\u044b \u0412\u0430\u0440\u0448\u0430\u0432\u0430, \u041a\u0432\u0456\u0442\u0438 \u0412\u0430\u0440\u0448\u0430\u0432\u0430, Flowers in Warsaw, Dostawa kwiat\u00f3w Warszawa, \u0426\u0432\u0435\u0442\u044b \u0441 \u0434\u043e\u0441\u0442\u0430\u0432\u043a\u043e\u0439 \u0432 \u0412\u0430\u0440\u0448\u0430\u0432\u0435, \u0417\u0430\u043a\u0430\u0437\u0430\u0442\u044c \u0446\u0432\u0435\u0442\u044b \u0432 \u0412\u0430\u0440\u0448\u0430\u0432\u0435, Dostawa kwiat\u00f3w, Bukiet z dostaw\u0105 Warszawa, Bukiet zam\u00f3wi\u0107, Kwia\u0441iarnia Mokot\u00f3w, Kwiaty dla domu, Kwiaty \u015br\u00f3dmie\u015bcie, kwiaty, r\u00f3\u017ce, peony, piwonia, Bouquet in Warsaw, kwiaty dla domu, bukiet z piwonii, hortensja, bukiet z hortensji, kwiaty"},{"@type":"BreadcrumbList","@id":"https:\/\/giftbar.flowers\/product\/bukiet-roz-pink-athena\/#breadcrumb","itemListElement":[{"@type":"ListItem","position":1,"name":"Bukiet r\u00f3\u017c","item":"https:\/\/giftbar.flowers\/kolekcje\/kwiaty\/bukiety-roz\/"},{"@type":"ListItem","position":2,"name":"Bukiet r\u00f3\u017c Pink Athena"}]},{"@type":"WebSite","@id":"https:\/\/giftbar.flowers\/#website","url":"https:\/\/giftbar.flowers\/","name":"Giftbar Flowers","description":"\u0434\u043e\u0441\u0442\u0430\u0432\u043a\u0430 \u043a\u0432\u0456\u0442\u0456\u0432, \u043a\u0443\u043b\u044c\u043e\u043a, \u043f\u043e\u0434\u0430\u0440\u0443\u043d\u043a\u0456\u0432.","alternateName":"Giftbar Flowers","potentialAction":[{"@type":"SearchAction","target":{"@type":"EntryPoint","urlTemplate":"https:\/\/giftbar.flowers\/?s={search_term_string}"},"query-input":{"@type":"PropertyValueSpecification","valueRequired":true,"valueName":"search_term_string"}}],"inLanguage":"Ua"}]}},"_links":{"self":[{"href":"https:\/\/giftbar.flowers\/uk\/wp-json\/wp\/v2\/product\/42387","targetHints":{"allow":["GET"]}}],"collection":[{"href":"https:\/\/giftbar.flowers\/uk\/wp-json\/wp\/v2\/product"}],"about":[{"href":"https:\/\/giftbar.flowers\/uk\/wp-json\/wp\/v2\/types\/product"}],"wp:featuredmedia":[{"embeddable":true,"href":"https:\/\/giftbar.flowers\/uk\/wp-json\/wp\/v2\/media\/42388"}],"wp:attachment":[{"href":"https:\/\/giftbar.flowers\/uk\/wp-json\/wp\/v2\/media?parent=42387"}],"wp:term":[{"taxonomy":"product_brand","embeddable":true,"href":"https:\/\/giftbar.flowers\/uk\/wp-json\/wp\/v2\/product_brand?post=42387"},{"taxonomy":"product_cat","embeddable":true,"href":"https:\/\/giftbar.flowers\/uk\/wp-json\/wp\/v2\/product_cat?post=42387"},{"taxonomy":"product_tag","embeddable":true,"href":"https:\/\/giftbar.flowers\/uk\/wp-json\/wp\/v2\/product_tag?post=42387"}],"curies":[{"name":"wp","href":"https:\/\/api.w.org\/{rel}","templated":true}]}}