{"id":42386,"date":"2026-05-04T14:52:07","date_gmt":"2026-05-04T12:52:07","guid":{"rendered":"https:\/\/giftbar.flowers\/product\/buket-troyand-mint-exotic\/"},"modified":"2026-05-04T14:52:07","modified_gmt":"2026-05-04T12:52:07","slug":"buket-troyand-mint-exotic","status":"publish","type":"product","link":"https:\/\/giftbar.flowers\/uk\/product\/buket-troyand-mint-exotic\/","title":{"rendered":"\u0411\u0443\u043a\u0435\u0442 \u0442\u0440\u043e\u044f\u043d\u0434 Mint Exotic"},"content":{"rendered":"<p>(\u0415\u043a\u0432\u0430\u0434\u043e\u0440)<\/p>\n","protected":false},"excerpt":{"rendered":"<p>(\u0415\u043a\u0432\u0430\u0434\u043e\u0440)<\/p>\n","protected":false},"featured_media":42383,"template":"","meta":[],"product_brand":[],"product_cat":[1242,974],"product_tag":[],"class_list":{"0":"post-42386","1":"product","2":"type-product","3":"status-publish","4":"has-post-thumbnail","6":"product_cat-calculation-uk","7":"product_cat-buketi-troyand-kviti","9":"first","10":"instock","11":"shipping-taxable","12":"purchasable","13":"product-type-simple"},"yoast_head":"<!-- This site is optimized with the Yoast SEO plugin v25.7 - https:\/\/yoast.com\/wordpress\/plugins\/seo\/ -->\n<title>\u0411\u0443\u043a\u0435\u0442 \u0442\u0440\u043e\u044f\u043d\u0434 Mint Exotic - Giftbar Flowers<\/title>\n<meta name=\"description\" content=\"\u0411\u0443\u043a\u0435\u0442 \u0442\u0440\u043e\u044f\u043d\u0434 Mint Exotic - Giftbar Flowers\" \/>\n<meta name=\"robots\" content=\"index, follow, max-snippet:-1, max-image-preview:large, max-video-preview:-1\" \/>\n<meta property=\"og:locale\" content=\"ua_UA\" \/>\n<meta property=\"og:type\" content=\"article\" \/>\n<meta property=\"og:title\" content=\"\u0411\u0443\u043a\u0435\u0442 \u0442\u0440\u043e\u044f\u043d\u0434 Mint Exotic - Giftbar Flowers\" \/>\n<meta property=\"og:description\" content=\"\u0411\u0443\u043a\u0435\u0442 \u0442\u0440\u043e\u044f\u043d\u0434 Mint Exotic - Giftbar Flowers\" \/>\n<meta property=\"og:url\" content=\"https:\/\/giftbar.flowers\/uk\/product\/buket-troyand-mint-exotic\/\" \/>\n<meta property=\"og:site_name\" content=\"Giftbar Flowers\" \/>\n<meta property=\"og:image\" content=\"https:\/\/giftbar.flowers\/wp-content\/uploads\/2026\/05\/bukietrozmintexotic_kwiaciarniawarszawa_kwiatywarszawa_dostawakwiatowwarszawa_rozewarszawa.jpg\" \/>\n\t<meta property=\"og:image:width\" content=\"1080\" \/>\n\t<meta property=\"og:image:height\" content=\"1350\" \/>\n\t<meta property=\"og:image:type\" content=\"image\/jpeg\" \/>\n<meta name=\"twitter:card\" content=\"summary_large_image\" \/>\n<script type=\"application\/ld+json\" class=\"yoast-schema-graph\">{\"@context\":\"https:\/\/schema.org\",\"@graph\":[{\"@type\":\"WebPage\",\"@id\":\"https:\/\/giftbar.flowers\/uk\/product\/buket-troyand-mint-exotic\/\",\"url\":\"https:\/\/giftbar.flowers\/uk\/product\/buket-troyand-mint-exotic\/\",\"name\":\"\u0411\u0443\u043a\u0435\u0442 \u0442\u0440\u043e\u044f\u043d\u0434 Mint Exotic - Giftbar Flowers\",\"isPartOf\":{\"@id\":\"https:\/\/giftbar.flowers\/#website\"},\"primaryImageOfPage\":{\"@id\":\"https:\/\/giftbar.flowers\/uk\/product\/buket-troyand-mint-exotic\/#primaryimage\"},\"image\":{\"@id\":\"https:\/\/giftbar.flowers\/uk\/product\/buket-troyand-mint-exotic\/#primaryimage\"},\"thumbnailUrl\":\"https:\/\/giftbar.flowers\/wp-content\/uploads\/2026\/05\/bukietrozmintexotic_kwiaciarniawarszawa_kwiatywarszawa_dostawakwiatowwarszawa_rozewarszawa.jpg\",\"datePublished\":\"2026-05-04T12:52:07+00:00\",\"description\":\"\u0411\u0443\u043a\u0435\u0442 \u0442\u0440\u043e\u044f\u043d\u0434 Mint Exotic - Giftbar Flowers\",\"inLanguage\":\"Ua\",\"potentialAction\":[{\"@type\":\"ReadAction\",\"target\":[\"https:\/\/giftbar.flowers\/uk\/product\/buket-troyand-mint-exotic\/\"]}]},{\"@type\":\"ImageObject\",\"inLanguage\":\"Ua\",\"@id\":\"https:\/\/giftbar.flowers\/uk\/product\/buket-troyand-mint-exotic\/#primaryimage\",\"url\":\"https:\/\/giftbar.flowers\/wp-content\/uploads\/2026\/05\/bukietrozmintexotic_kwiaciarniawarszawa_kwiatywarszawa_dostawakwiatowwarszawa_rozewarszawa.jpg\",\"contentUrl\":\"https:\/\/giftbar.flowers\/wp-content\/uploads\/2026\/05\/bukietrozmintexotic_kwiaciarniawarszawa_kwiatywarszawa_dostawakwiatowwarszawa_rozewarszawa.jpg\",\"width\":1080,\"height\":1350,\"caption\":\"Kwiaty Warszawa, \u0426\u0432\u0435\u0442\u044b \u0412\u0430\u0440\u0448\u0430\u0432\u0430, \u041a\u0432\u0456\u0442\u0438 \u0412\u0430\u0440\u0448\u0430\u0432\u0430, Flowers in Warsaw, Dostawa kwiat\u00f3w Warszawa, \u0426\u0432\u0435\u0442\u044b \u0441 \u0434\u043e\u0441\u0442\u0430\u0432\u043a\u043e\u0439 \u0432 \u0412\u0430\u0440\u0448\u0430\u0432\u0435, \u0417\u0430\u043a\u0430\u0437\u0430\u0442\u044c \u0446\u0432\u0435\u0442\u044b \u0432 \u0412\u0430\u0440\u0448\u0430\u0432\u0435, Dostawa kwiat\u00f3w, Bukiet z dostaw\u0105 Warszawa, Bukiet zam\u00f3wi\u0107, Kwia\u0441iarnia Mokot\u00f3w, Kwiaty dla domu, Kwiaty \u015br\u00f3dmie\u015bcie, kwiaty, r\u00f3\u017ce, peony, piwonia, Bouquet in Warsaw, kwiaty dla domu, bukiet z piwonii, hortensja, bukiet z hortensji, kwiaty\"},{\"@type\":\"WebSite\",\"@id\":\"https:\/\/giftbar.flowers\/#website\",\"url\":\"https:\/\/giftbar.flowers\/\",\"name\":\"Giftbar Flowers\",\"description\":\"\u0434\u043e\u0441\u0442\u0430\u0432\u043a\u0430 \u043a\u0432\u0456\u0442\u0456\u0432, \u043a\u0443\u043b\u044c\u043e\u043a, \u043f\u043e\u0434\u0430\u0440\u0443\u043d\u043a\u0456\u0432.\",\"alternateName\":\"Giftbar Flowers\",\"potentialAction\":[{\"@type\":\"SearchAction\",\"target\":{\"@type\":\"EntryPoint\",\"urlTemplate\":\"https:\/\/giftbar.flowers\/?s={search_term_string}\"},\"query-input\":{\"@type\":\"PropertyValueSpecification\",\"valueRequired\":true,\"valueName\":\"search_term_string\"}}],\"inLanguage\":\"Ua\"}]}<\/script>\n<!-- \/ Yoast SEO plugin. -->","yoast_head_json":{"title":"\u0411\u0443\u043a\u0435\u0442 \u0442\u0440\u043e\u044f\u043d\u0434 Mint Exotic - Giftbar Flowers","description":"\u0411\u0443\u043a\u0435\u0442 \u0442\u0440\u043e\u044f\u043d\u0434 Mint Exotic - Giftbar Flowers","robots":{"index":"index","follow":"follow","max-snippet":"max-snippet:-1","max-image-preview":"max-image-preview:large","max-video-preview":"max-video-preview:-1"},"og_locale":"ua_UA","og_type":"article","og_title":"\u0411\u0443\u043a\u0435\u0442 \u0442\u0440\u043e\u044f\u043d\u0434 Mint Exotic - Giftbar Flowers","og_description":"\u0411\u0443\u043a\u0435\u0442 \u0442\u0440\u043e\u044f\u043d\u0434 Mint Exotic - Giftbar Flowers","og_url":"https:\/\/giftbar.flowers\/uk\/product\/buket-troyand-mint-exotic\/","og_site_name":"Giftbar Flowers","og_image":[{"width":1080,"height":1350,"url":"https:\/\/giftbar.flowers\/wp-content\/uploads\/2026\/05\/bukietrozmintexotic_kwiaciarniawarszawa_kwiatywarszawa_dostawakwiatowwarszawa_rozewarszawa.jpg","type":"image\/jpeg"}],"twitter_card":"summary_large_image","schema":{"@context":"https:\/\/schema.org","@graph":[{"@type":"WebPage","@id":"https:\/\/giftbar.flowers\/uk\/product\/buket-troyand-mint-exotic\/","url":"https:\/\/giftbar.flowers\/uk\/product\/buket-troyand-mint-exotic\/","name":"\u0411\u0443\u043a\u0435\u0442 \u0442\u0440\u043e\u044f\u043d\u0434 Mint Exotic - Giftbar Flowers","isPartOf":{"@id":"https:\/\/giftbar.flowers\/#website"},"primaryImageOfPage":{"@id":"https:\/\/giftbar.flowers\/uk\/product\/buket-troyand-mint-exotic\/#primaryimage"},"image":{"@id":"https:\/\/giftbar.flowers\/uk\/product\/buket-troyand-mint-exotic\/#primaryimage"},"thumbnailUrl":"https:\/\/giftbar.flowers\/wp-content\/uploads\/2026\/05\/bukietrozmintexotic_kwiaciarniawarszawa_kwiatywarszawa_dostawakwiatowwarszawa_rozewarszawa.jpg","datePublished":"2026-05-04T12:52:07+00:00","description":"\u0411\u0443\u043a\u0435\u0442 \u0442\u0440\u043e\u044f\u043d\u0434 Mint Exotic - Giftbar Flowers","inLanguage":"Ua","potentialAction":[{"@type":"ReadAction","target":["https:\/\/giftbar.flowers\/uk\/product\/buket-troyand-mint-exotic\/"]}]},{"@type":"ImageObject","inLanguage":"Ua","@id":"https:\/\/giftbar.flowers\/uk\/product\/buket-troyand-mint-exotic\/#primaryimage","url":"https:\/\/giftbar.flowers\/wp-content\/uploads\/2026\/05\/bukietrozmintexotic_kwiaciarniawarszawa_kwiatywarszawa_dostawakwiatowwarszawa_rozewarszawa.jpg","contentUrl":"https:\/\/giftbar.flowers\/wp-content\/uploads\/2026\/05\/bukietrozmintexotic_kwiaciarniawarszawa_kwiatywarszawa_dostawakwiatowwarszawa_rozewarszawa.jpg","width":1080,"height":1350,"caption":"Kwiaty Warszawa, \u0426\u0432\u0435\u0442\u044b \u0412\u0430\u0440\u0448\u0430\u0432\u0430, \u041a\u0432\u0456\u0442\u0438 \u0412\u0430\u0440\u0448\u0430\u0432\u0430, Flowers in Warsaw, Dostawa kwiat\u00f3w Warszawa, \u0426\u0432\u0435\u0442\u044b \u0441 \u0434\u043e\u0441\u0442\u0430\u0432\u043a\u043e\u0439 \u0432 \u0412\u0430\u0440\u0448\u0430\u0432\u0435, \u0417\u0430\u043a\u0430\u0437\u0430\u0442\u044c \u0446\u0432\u0435\u0442\u044b \u0432 \u0412\u0430\u0440\u0448\u0430\u0432\u0435, Dostawa kwiat\u00f3w, Bukiet z dostaw\u0105 Warszawa, Bukiet zam\u00f3wi\u0107, Kwia\u0441iarnia Mokot\u00f3w, Kwiaty dla domu, Kwiaty \u015br\u00f3dmie\u015bcie, kwiaty, r\u00f3\u017ce, peony, piwonia, Bouquet in Warsaw, kwiaty dla domu, bukiet z piwonii, hortensja, bukiet z hortensji, kwiaty"},{"@type":"WebSite","@id":"https:\/\/giftbar.flowers\/#website","url":"https:\/\/giftbar.flowers\/","name":"Giftbar Flowers","description":"\u0434\u043e\u0441\u0442\u0430\u0432\u043a\u0430 \u043a\u0432\u0456\u0442\u0456\u0432, \u043a\u0443\u043b\u044c\u043e\u043a, \u043f\u043e\u0434\u0430\u0440\u0443\u043d\u043a\u0456\u0432.","alternateName":"Giftbar Flowers","potentialAction":[{"@type":"SearchAction","target":{"@type":"EntryPoint","urlTemplate":"https:\/\/giftbar.flowers\/?s={search_term_string}"},"query-input":{"@type":"PropertyValueSpecification","valueRequired":true,"valueName":"search_term_string"}}],"inLanguage":"Ua"}]}},"_links":{"self":[{"href":"https:\/\/giftbar.flowers\/uk\/wp-json\/wp\/v2\/product\/42386","targetHints":{"allow":["GET"]}}],"collection":[{"href":"https:\/\/giftbar.flowers\/uk\/wp-json\/wp\/v2\/product"}],"about":[{"href":"https:\/\/giftbar.flowers\/uk\/wp-json\/wp\/v2\/types\/product"}],"wp:featuredmedia":[{"embeddable":true,"href":"https:\/\/giftbar.flowers\/uk\/wp-json\/wp\/v2\/media\/42383"}],"wp:attachment":[{"href":"https:\/\/giftbar.flowers\/uk\/wp-json\/wp\/v2\/media?parent=42386"}],"wp:term":[{"taxonomy":"product_brand","embeddable":true,"href":"https:\/\/giftbar.flowers\/uk\/wp-json\/wp\/v2\/product_brand?post=42386"},{"taxonomy":"product_cat","embeddable":true,"href":"https:\/\/giftbar.flowers\/uk\/wp-json\/wp\/v2\/product_cat?post=42386"},{"taxonomy":"product_tag","embeddable":true,"href":"https:\/\/giftbar.flowers\/uk\/wp-json\/wp\/v2\/product_tag?post=42386"}],"curies":[{"name":"wp","href":"https:\/\/api.w.org\/{rel}","templated":true}]}}