{"id":42318,"date":"2026-05-04T12:05:43","date_gmt":"2026-05-04T10:05:43","guid":{"rendered":"https:\/\/giftbar.flowers\/product\/nabir-bilykh-kulok-iz-czerwonymi-bantamy\/"},"modified":"2026-05-04T12:05:43","modified_gmt":"2026-05-04T10:05:43","slug":"nabir-bilykh-kulok-iz-czerwonymi-bantamy","status":"publish","type":"product","link":"https:\/\/giftbar.flowers\/uk\/product\/nabir-bilykh-kulok-iz-czerwonymi-bantamy\/","title":{"rendered":"\u041d\u0430\u0431\u0456\u0440 \u0431\u0456\u043b\u0438\u0445 \u043a\u0443\u043b\u044c\u043e\u043a \u0456\u0437 \u0447\u0435\u0440\u0432\u043e\u043d\u0438\u043c\u0438 \u0431\u0430\u043d\u0442\u0430\u043c\u0438"},"content":{"rendered":"","protected":false},"excerpt":{"rendered":"","protected":false},"featured_media":42315,"template":"","meta":[],"product_brand":[],"product_cat":[1123,931,837,856,1357],"product_tag":[],"class_list":{"0":"post-42318","1":"product","2":"type-product","3":"status-publish","4":"has-post-thumbnail","6":"product_cat-shary","7":"product_cat-lateksni-kulki","8":"product_cat-kulki-na-1-rik","9":"product_cat-kulki-na-den-narodzhennya","10":"product_cat-kulky-na-vesillya","12":"first","13":"instock","14":"shipping-taxable","15":"purchasable","16":"product-type-simple"},"yoast_head":"<!-- This site is optimized with the Yoast SEO plugin v25.7 - https:\/\/yoast.com\/wordpress\/plugins\/seo\/ -->\n<title>\u041d\u0430\u0431\u0456\u0440 \u0431\u0456\u043b\u0438\u0445 \u043a\u0443\u043b\u044c\u043e\u043a \u0456\u0437 \u0447\u0435\u0440\u0432\u043e\u043d\u0438\u043c\u0438 \u0431\u0430\u043d\u0442\u0430\u043c\u0438 - Giftbar Flowers<\/title>\n<meta name=\"description\" content=\"\u041d\u0430\u0431\u0456\u0440 \u0431\u0456\u043b\u0438\u0445 \u043a\u0443\u043b\u044c\u043e\u043a \u0456\u0437 \u0447\u0435\u0440\u0432\u043e\u043d\u0438\u043c\u0438 \u0431\u0430\u043d\u0442\u0430\u043c\u0438 - Giftbar Flowers\" \/>\n<meta name=\"robots\" content=\"index, follow, max-snippet:-1, max-image-preview:large, max-video-preview:-1\" \/>\n<meta property=\"og:locale\" content=\"ua_UA\" \/>\n<meta property=\"og:type\" content=\"article\" \/>\n<meta property=\"og:title\" content=\"\u041d\u0430\u0431\u0456\u0440 \u0431\u0456\u043b\u0438\u0445 \u043a\u0443\u043b\u044c\u043e\u043a \u0456\u0437 \u0447\u0435\u0440\u0432\u043e\u043d\u0438\u043c\u0438 \u0431\u0430\u043d\u0442\u0430\u043c\u0438 - Giftbar Flowers\" \/>\n<meta property=\"og:description\" content=\"\u041d\u0430\u0431\u0456\u0440 \u0431\u0456\u043b\u0438\u0445 \u043a\u0443\u043b\u044c\u043e\u043a \u0456\u0437 \u0447\u0435\u0440\u0432\u043e\u043d\u0438\u043c\u0438 \u0431\u0430\u043d\u0442\u0430\u043c\u0438 - Giftbar Flowers\" \/>\n<meta property=\"og:url\" content=\"https:\/\/giftbar.flowers\/uk\/product\/nabir-bilykh-kulok-iz-czerwonymi-bantamy\/\" \/>\n<meta property=\"og:site_name\" content=\"Giftbar Flowers\" \/>\n<meta property=\"og:image\" content=\"https:\/\/giftbar.flowers\/wp-content\/uploads\/2026\/05\/zestawbalonowzczerwonymikokardkami_kwiaciarniawarszawa_kwiatywarszawa_dostawakwiatowwarszawa_rozewarszawa_piwoniewarszawa.jpg\" \/>\n\t<meta property=\"og:image:width\" content=\"960\" \/>\n\t<meta property=\"og:image:height\" content=\"1280\" \/>\n\t<meta property=\"og:image:type\" content=\"image\/jpeg\" \/>\n<meta name=\"twitter:card\" content=\"summary_large_image\" \/>\n<script type=\"application\/ld+json\" class=\"yoast-schema-graph\">{\"@context\":\"https:\/\/schema.org\",\"@graph\":[{\"@type\":\"WebPage\",\"@id\":\"https:\/\/giftbar.flowers\/uk\/product\/nabir-bilykh-kulok-iz-czerwonymi-bantamy\/\",\"url\":\"https:\/\/giftbar.flowers\/uk\/product\/nabir-bilykh-kulok-iz-czerwonymi-bantamy\/\",\"name\":\"\u041d\u0430\u0431\u0456\u0440 \u0431\u0456\u043b\u0438\u0445 \u043a\u0443\u043b\u044c\u043e\u043a \u0456\u0437 \u0447\u0435\u0440\u0432\u043e\u043d\u0438\u043c\u0438 \u0431\u0430\u043d\u0442\u0430\u043c\u0438 - Giftbar Flowers\",\"isPartOf\":{\"@id\":\"https:\/\/giftbar.flowers\/#website\"},\"primaryImageOfPage\":{\"@id\":\"https:\/\/giftbar.flowers\/uk\/product\/nabir-bilykh-kulok-iz-czerwonymi-bantamy\/#primaryimage\"},\"image\":{\"@id\":\"https:\/\/giftbar.flowers\/uk\/product\/nabir-bilykh-kulok-iz-czerwonymi-bantamy\/#primaryimage\"},\"thumbnailUrl\":\"https:\/\/giftbar.flowers\/wp-content\/uploads\/2026\/05\/zestawbalonowzczerwonymikokardkami_kwiaciarniawarszawa_kwiatywarszawa_dostawakwiatowwarszawa_rozewarszawa_piwoniewarszawa.jpg\",\"datePublished\":\"2026-05-04T10:05:43+00:00\",\"description\":\"\u041d\u0430\u0431\u0456\u0440 \u0431\u0456\u043b\u0438\u0445 \u043a\u0443\u043b\u044c\u043e\u043a \u0456\u0437 \u0447\u0435\u0440\u0432\u043e\u043d\u0438\u043c\u0438 \u0431\u0430\u043d\u0442\u0430\u043c\u0438 - Giftbar Flowers\",\"inLanguage\":\"Ua\",\"potentialAction\":[{\"@type\":\"ReadAction\",\"target\":[\"https:\/\/giftbar.flowers\/uk\/product\/nabir-bilykh-kulok-iz-czerwonymi-bantamy\/\"]}]},{\"@type\":\"ImageObject\",\"inLanguage\":\"Ua\",\"@id\":\"https:\/\/giftbar.flowers\/uk\/product\/nabir-bilykh-kulok-iz-czerwonymi-bantamy\/#primaryimage\",\"url\":\"https:\/\/giftbar.flowers\/wp-content\/uploads\/2026\/05\/zestawbalonowzczerwonymikokardkami_kwiaciarniawarszawa_kwiatywarszawa_dostawakwiatowwarszawa_rozewarszawa_piwoniewarszawa.jpg\",\"contentUrl\":\"https:\/\/giftbar.flowers\/wp-content\/uploads\/2026\/05\/zestawbalonowzczerwonymikokardkami_kwiaciarniawarszawa_kwiatywarszawa_dostawakwiatowwarszawa_rozewarszawa_piwoniewarszawa.jpg\",\"width\":960,\"height\":1280,\"caption\":\"Kwiaty Warszawa, \u0426\u0432\u0435\u0442\u044b \u0412\u0430\u0440\u0448\u0430\u0432\u0430, \u041a\u0432\u0456\u0442\u0438 \u0412\u0430\u0440\u0448\u0430\u0432\u0430, Flowers in Warsaw, Dostawa kwiat\u00f3w Warszawa, \u0426\u0432\u0435\u0442\u044b \u0441 \u0434\u043e\u0441\u0442\u0430\u0432\u043a\u043e\u0439 \u0432 \u0412\u0430\u0440\u0448\u0430\u0432\u0435, \u0417\u0430\u043a\u0430\u0437\u0430\u0442\u044c \u0446\u0432\u0435\u0442\u044b \u0432 \u0412\u0430\u0440\u0448\u0430\u0432\u0435, Dostawa kwiat\u00f3w, Bukiet z dostaw\u0105 Warszawa, Bukiet zam\u00f3wi\u0107, Kwia\u0441iarnia Mokot\u00f3w, Kwiaty dla domu, Kwiaty \u015br\u00f3dmie\u015bcie, kwiaty, r\u00f3\u017ce, peony, piwonia, Bouquet in Warsaw, kwiaty dla domu, bukiet z piwonii, hortensja, bukiet z hortensji, kwiaty\"},{\"@type\":\"WebSite\",\"@id\":\"https:\/\/giftbar.flowers\/#website\",\"url\":\"https:\/\/giftbar.flowers\/\",\"name\":\"Giftbar Flowers\",\"description\":\"\u0434\u043e\u0441\u0442\u0430\u0432\u043a\u0430 \u043a\u0432\u0456\u0442\u0456\u0432, \u043a\u0443\u043b\u044c\u043e\u043a, \u043f\u043e\u0434\u0430\u0440\u0443\u043d\u043a\u0456\u0432.\",\"alternateName\":\"Giftbar Flowers\",\"potentialAction\":[{\"@type\":\"SearchAction\",\"target\":{\"@type\":\"EntryPoint\",\"urlTemplate\":\"https:\/\/giftbar.flowers\/?s={search_term_string}\"},\"query-input\":{\"@type\":\"PropertyValueSpecification\",\"valueRequired\":true,\"valueName\":\"search_term_string\"}}],\"inLanguage\":\"Ua\"}]}<\/script>\n<!-- \/ Yoast SEO plugin. -->","yoast_head_json":{"title":"\u041d\u0430\u0431\u0456\u0440 \u0431\u0456\u043b\u0438\u0445 \u043a\u0443\u043b\u044c\u043e\u043a \u0456\u0437 \u0447\u0435\u0440\u0432\u043e\u043d\u0438\u043c\u0438 \u0431\u0430\u043d\u0442\u0430\u043c\u0438 - Giftbar Flowers","description":"\u041d\u0430\u0431\u0456\u0440 \u0431\u0456\u043b\u0438\u0445 \u043a\u0443\u043b\u044c\u043e\u043a \u0456\u0437 \u0447\u0435\u0440\u0432\u043e\u043d\u0438\u043c\u0438 \u0431\u0430\u043d\u0442\u0430\u043c\u0438 - Giftbar Flowers","robots":{"index":"index","follow":"follow","max-snippet":"max-snippet:-1","max-image-preview":"max-image-preview:large","max-video-preview":"max-video-preview:-1"},"og_locale":"ua_UA","og_type":"article","og_title":"\u041d\u0430\u0431\u0456\u0440 \u0431\u0456\u043b\u0438\u0445 \u043a\u0443\u043b\u044c\u043e\u043a \u0456\u0437 \u0447\u0435\u0440\u0432\u043e\u043d\u0438\u043c\u0438 \u0431\u0430\u043d\u0442\u0430\u043c\u0438 - Giftbar Flowers","og_description":"\u041d\u0430\u0431\u0456\u0440 \u0431\u0456\u043b\u0438\u0445 \u043a\u0443\u043b\u044c\u043e\u043a \u0456\u0437 \u0447\u0435\u0440\u0432\u043e\u043d\u0438\u043c\u0438 \u0431\u0430\u043d\u0442\u0430\u043c\u0438 - Giftbar Flowers","og_url":"https:\/\/giftbar.flowers\/uk\/product\/nabir-bilykh-kulok-iz-czerwonymi-bantamy\/","og_site_name":"Giftbar Flowers","og_image":[{"width":960,"height":1280,"url":"https:\/\/giftbar.flowers\/wp-content\/uploads\/2026\/05\/zestawbalonowzczerwonymikokardkami_kwiaciarniawarszawa_kwiatywarszawa_dostawakwiatowwarszawa_rozewarszawa_piwoniewarszawa.jpg","type":"image\/jpeg"}],"twitter_card":"summary_large_image","schema":{"@context":"https:\/\/schema.org","@graph":[{"@type":"WebPage","@id":"https:\/\/giftbar.flowers\/uk\/product\/nabir-bilykh-kulok-iz-czerwonymi-bantamy\/","url":"https:\/\/giftbar.flowers\/uk\/product\/nabir-bilykh-kulok-iz-czerwonymi-bantamy\/","name":"\u041d\u0430\u0431\u0456\u0440 \u0431\u0456\u043b\u0438\u0445 \u043a\u0443\u043b\u044c\u043e\u043a \u0456\u0437 \u0447\u0435\u0440\u0432\u043e\u043d\u0438\u043c\u0438 \u0431\u0430\u043d\u0442\u0430\u043c\u0438 - Giftbar Flowers","isPartOf":{"@id":"https:\/\/giftbar.flowers\/#website"},"primaryImageOfPage":{"@id":"https:\/\/giftbar.flowers\/uk\/product\/nabir-bilykh-kulok-iz-czerwonymi-bantamy\/#primaryimage"},"image":{"@id":"https:\/\/giftbar.flowers\/uk\/product\/nabir-bilykh-kulok-iz-czerwonymi-bantamy\/#primaryimage"},"thumbnailUrl":"https:\/\/giftbar.flowers\/wp-content\/uploads\/2026\/05\/zestawbalonowzczerwonymikokardkami_kwiaciarniawarszawa_kwiatywarszawa_dostawakwiatowwarszawa_rozewarszawa_piwoniewarszawa.jpg","datePublished":"2026-05-04T10:05:43+00:00","description":"\u041d\u0430\u0431\u0456\u0440 \u0431\u0456\u043b\u0438\u0445 \u043a\u0443\u043b\u044c\u043e\u043a \u0456\u0437 \u0447\u0435\u0440\u0432\u043e\u043d\u0438\u043c\u0438 \u0431\u0430\u043d\u0442\u0430\u043c\u0438 - Giftbar Flowers","inLanguage":"Ua","potentialAction":[{"@type":"ReadAction","target":["https:\/\/giftbar.flowers\/uk\/product\/nabir-bilykh-kulok-iz-czerwonymi-bantamy\/"]}]},{"@type":"ImageObject","inLanguage":"Ua","@id":"https:\/\/giftbar.flowers\/uk\/product\/nabir-bilykh-kulok-iz-czerwonymi-bantamy\/#primaryimage","url":"https:\/\/giftbar.flowers\/wp-content\/uploads\/2026\/05\/zestawbalonowzczerwonymikokardkami_kwiaciarniawarszawa_kwiatywarszawa_dostawakwiatowwarszawa_rozewarszawa_piwoniewarszawa.jpg","contentUrl":"https:\/\/giftbar.flowers\/wp-content\/uploads\/2026\/05\/zestawbalonowzczerwonymikokardkami_kwiaciarniawarszawa_kwiatywarszawa_dostawakwiatowwarszawa_rozewarszawa_piwoniewarszawa.jpg","width":960,"height":1280,"caption":"Kwiaty Warszawa, \u0426\u0432\u0435\u0442\u044b \u0412\u0430\u0440\u0448\u0430\u0432\u0430, \u041a\u0432\u0456\u0442\u0438 \u0412\u0430\u0440\u0448\u0430\u0432\u0430, Flowers in Warsaw, Dostawa kwiat\u00f3w Warszawa, \u0426\u0432\u0435\u0442\u044b \u0441 \u0434\u043e\u0441\u0442\u0430\u0432\u043a\u043e\u0439 \u0432 \u0412\u0430\u0440\u0448\u0430\u0432\u0435, \u0417\u0430\u043a\u0430\u0437\u0430\u0442\u044c \u0446\u0432\u0435\u0442\u044b \u0432 \u0412\u0430\u0440\u0448\u0430\u0432\u0435, Dostawa kwiat\u00f3w, Bukiet z dostaw\u0105 Warszawa, Bukiet zam\u00f3wi\u0107, Kwia\u0441iarnia Mokot\u00f3w, Kwiaty dla domu, Kwiaty \u015br\u00f3dmie\u015bcie, kwiaty, r\u00f3\u017ce, peony, piwonia, Bouquet in Warsaw, kwiaty dla domu, bukiet z piwonii, hortensja, bukiet z hortensji, kwiaty"},{"@type":"WebSite","@id":"https:\/\/giftbar.flowers\/#website","url":"https:\/\/giftbar.flowers\/","name":"Giftbar Flowers","description":"\u0434\u043e\u0441\u0442\u0430\u0432\u043a\u0430 \u043a\u0432\u0456\u0442\u0456\u0432, \u043a\u0443\u043b\u044c\u043e\u043a, \u043f\u043e\u0434\u0430\u0440\u0443\u043d\u043a\u0456\u0432.","alternateName":"Giftbar Flowers","potentialAction":[{"@type":"SearchAction","target":{"@type":"EntryPoint","urlTemplate":"https:\/\/giftbar.flowers\/?s={search_term_string}"},"query-input":{"@type":"PropertyValueSpecification","valueRequired":true,"valueName":"search_term_string"}}],"inLanguage":"Ua"}]}},"_links":{"self":[{"href":"https:\/\/giftbar.flowers\/uk\/wp-json\/wp\/v2\/product\/42318","targetHints":{"allow":["GET"]}}],"collection":[{"href":"https:\/\/giftbar.flowers\/uk\/wp-json\/wp\/v2\/product"}],"about":[{"href":"https:\/\/giftbar.flowers\/uk\/wp-json\/wp\/v2\/types\/product"}],"wp:featuredmedia":[{"embeddable":true,"href":"https:\/\/giftbar.flowers\/uk\/wp-json\/wp\/v2\/media\/42315"}],"wp:attachment":[{"href":"https:\/\/giftbar.flowers\/uk\/wp-json\/wp\/v2\/media?parent=42318"}],"wp:term":[{"taxonomy":"product_brand","embeddable":true,"href":"https:\/\/giftbar.flowers\/uk\/wp-json\/wp\/v2\/product_brand?post=42318"},{"taxonomy":"product_cat","embeddable":true,"href":"https:\/\/giftbar.flowers\/uk\/wp-json\/wp\/v2\/product_cat?post=42318"},{"taxonomy":"product_tag","embeddable":true,"href":"https:\/\/giftbar.flowers\/uk\/wp-json\/wp\/v2\/product_tag?post=42318"}],"curies":[{"name":"wp","href":"https:\/\/api.w.org\/{rel}","templated":true}]}}