{"id":34922,"date":"2025-07-30T23:55:22","date_gmt":"2025-07-30T21:55:22","guid":{"rendered":"https:\/\/giftbar.flowers\/product\/buket-kvitiv-pink-pepper\/"},"modified":"2025-08-07T01:47:54","modified_gmt":"2025-08-06T23:47:54","slug":"buket-kvitiv-pink-pepper","status":"publish","type":"product","link":"https:\/\/giftbar.flowers\/uk\/product\/buket-kvitiv-pink-pepper\/","title":{"rendered":"\u0411\u0443\u043a\u0435\u0442 \u043a\u0432\u0456\u0442\u0456\u0432 &#8220;Pink Pepper&#8221;"},"content":{"rendered":"<p>\u0413\u043e\u0440\u0442\u0435\u043d\u0437\u0456\u0457, \u043f\u0456\u0432\u043e\u043d\u0456\u0457, \u043e\u0437\u043e\u0442\u0430\u043c\u043d\u0443\u0441<\/p>\n","protected":false},"excerpt":{"rendered":"<p>\u0413\u043e\u0440\u0442\u0435\u043d\u0437\u0456\u0457, \u043f\u0456\u0432\u043e\u043d\u0456\u0457, \u043e\u0437\u043e\u0442\u0430\u043c\u043d\u0443\u0441<\/p>\n","protected":false},"featured_media":34911,"template":"","meta":[],"product_brand":[],"product_cat":[808],"product_tag":[],"class_list":{"0":"post-34922","1":"product","2":"type-product","3":"status-publish","4":"has-post-thumbnail","6":"product_cat-buketi-kvitiv-kviti","8":"first","9":"outofstock","10":"shipping-taxable","11":"product-type-variable"},"yoast_head":"<!-- This site is optimized with the Yoast SEO plugin v25.7 - https:\/\/yoast.com\/wordpress\/plugins\/seo\/ -->\n<title>\u0411\u0443\u043a\u0435\u0442 \u043a\u0432\u0456\u0442\u0456\u0432 &quot;Pink Pepper&quot; - Giftbar Flowers<\/title>\n<meta name=\"description\" content=\"\u0411\u0443\u043a\u0435\u0442 \u043a\u0432\u0456\u0442\u0456\u0432 &quot;Pink Pepper&quot; - Giftbar Flowers\" \/>\n<meta name=\"robots\" content=\"index, follow, max-snippet:-1, max-image-preview:large, max-video-preview:-1\" \/>\n<meta property=\"og:locale\" content=\"ua_UA\" \/>\n<meta property=\"og:type\" content=\"article\" \/>\n<meta property=\"og:title\" content=\"\u0411\u0443\u043a\u0435\u0442 \u043a\u0432\u0456\u0442\u0456\u0432 &quot;Pink Pepper&quot; - Giftbar Flowers\" \/>\n<meta property=\"og:description\" content=\"\u0411\u0443\u043a\u0435\u0442 \u043a\u0432\u0456\u0442\u0456\u0432 &quot;Pink Pepper&quot; - Giftbar Flowers\" \/>\n<meta property=\"og:url\" content=\"https:\/\/giftbar.flowers\/uk\/product\/buket-kvitiv-pink-pepper\/\" \/>\n<meta property=\"og:site_name\" content=\"Giftbar Flowers\" \/>\n<meta property=\"article:modified_time\" content=\"2025-08-06T23:47:54+00:00\" \/>\n<meta property=\"og:image\" content=\"https:\/\/giftbar.flowers\/wp-content\/uploads\/2025\/07\/bukietkwiatowjpinkpapper_kwiaciarniawarszawa_kwiatywarszawa_dostawakwiatowwarszawa_rozewarszawa_zamowickwiatywarszawa-scaled.jpg\" \/>\n\t<meta property=\"og:image:width\" content=\"1920\" \/>\n\t<meta property=\"og:image:height\" content=\"2560\" \/>\n\t<meta property=\"og:image:type\" content=\"image\/jpeg\" \/>\n<meta name=\"twitter:card\" content=\"summary_large_image\" \/>\n<meta name=\"twitter:label1\" content=\"Est. reading time\" \/>\n\t<meta name=\"twitter:data1\" content=\"1 minute\" \/>\n<script type=\"application\/ld+json\" class=\"yoast-schema-graph\">{\"@context\":\"https:\/\/schema.org\",\"@graph\":[{\"@type\":\"WebPage\",\"@id\":\"https:\/\/giftbar.flowers\/uk\/product\/buket-kvitiv-pink-pepper\/\",\"url\":\"https:\/\/giftbar.flowers\/uk\/product\/buket-kvitiv-pink-pepper\/\",\"name\":\"\u0411\u0443\u043a\u0435\u0442 \u043a\u0432\u0456\u0442\u0456\u0432 \\\"Pink Pepper\\\" - Giftbar Flowers\",\"isPartOf\":{\"@id\":\"https:\/\/giftbar.flowers\/#website\"},\"primaryImageOfPage\":{\"@id\":\"https:\/\/giftbar.flowers\/uk\/product\/buket-kvitiv-pink-pepper\/#primaryimage\"},\"image\":{\"@id\":\"https:\/\/giftbar.flowers\/uk\/product\/buket-kvitiv-pink-pepper\/#primaryimage\"},\"thumbnailUrl\":\"https:\/\/giftbar.flowers\/wp-content\/uploads\/2025\/07\/bukietkwiatowjpinkpapper_kwiaciarniawarszawa_kwiatywarszawa_dostawakwiatowwarszawa_rozewarszawa_zamowickwiatywarszawa-scaled.jpg\",\"datePublished\":\"2025-07-30T21:55:22+00:00\",\"dateModified\":\"2025-08-06T23:47:54+00:00\",\"description\":\"\u0411\u0443\u043a\u0435\u0442 \u043a\u0432\u0456\u0442\u0456\u0432 \\\"Pink Pepper\\\" - Giftbar Flowers\",\"breadcrumb\":{\"@id\":\"https:\/\/giftbar.flowers\/uk\/product\/buket-kvitiv-pink-pepper\/#breadcrumb\"},\"inLanguage\":\"Ua\",\"potentialAction\":[{\"@type\":\"ReadAction\",\"target\":[\"https:\/\/giftbar.flowers\/uk\/product\/buket-kvitiv-pink-pepper\/\"]}]},{\"@type\":\"ImageObject\",\"inLanguage\":\"Ua\",\"@id\":\"https:\/\/giftbar.flowers\/uk\/product\/buket-kvitiv-pink-pepper\/#primaryimage\",\"url\":\"https:\/\/giftbar.flowers\/wp-content\/uploads\/2025\/07\/bukietkwiatowjpinkpapper_kwiaciarniawarszawa_kwiatywarszawa_dostawakwiatowwarszawa_rozewarszawa_zamowickwiatywarszawa-scaled.jpg\",\"contentUrl\":\"https:\/\/giftbar.flowers\/wp-content\/uploads\/2025\/07\/bukietkwiatowjpinkpapper_kwiaciarniawarszawa_kwiatywarszawa_dostawakwiatowwarszawa_rozewarszawa_zamowickwiatywarszawa-scaled.jpg\",\"width\":1920,\"height\":2560,\"caption\":\"Kwiaty Warszawa, \u0426\u0432\u0435\u0442\u044b \u0412\u0430\u0440\u0448\u0430\u0432\u0430, \u041a\u0432\u0456\u0442\u0438 \u0412\u0430\u0440\u0448\u0430\u0432\u0430, Flowers in Warsaw, Dostawa kwiato\u0301w Warszawa, \u0426\u0432\u0435\u0442\u044b \u0441 \u0434\u043e\u0441\u0442\u0430\u0432\u043a\u043e\u0438\u0306 \u0432 \u0412\u0430\u0440\u0448\u0430\u0432\u0435, \u0417\u0430\u043a\u0430\u0437\u0430\u0442\u044c \u0446\u0432\u0435\u0442\u044b \u0432 \u0412\u0430\u0440\u0448\u0430\u0432\u0435, Dostawa kwiato\u0301w, Bukiet z dostawa\u0328 Warszawa, Bukiet zamo\u0301wic\u0301, Kwia\u0441iarnia Mokoto\u0301w, Kwiaty dla domu, Kwiaty \u015br\u00f3dmie\u015bcie, kwiaty, r\u00f3\u017ce, peony, piwonia, Bouquet in Warsaw, kwiaty dla domu, bukiet z piwonii, hortensja, bukiet z hortensji, kwiaty\"},{\"@type\":\"BreadcrumbList\",\"@id\":\"https:\/\/giftbar.flowers\/uk\/product\/buket-kvitiv-pink-pepper\/#breadcrumb\",\"itemListElement\":[{\"@type\":\"ListItem\",\"position\":1,\"name\":\"Kwiaty\",\"item\":\"https:\/\/giftbar.flowers\/kolekcje\/kwiaty\/\"},{\"@type\":\"ListItem\",\"position\":2,\"name\":\"Bukiety kwiat\u00f3w\",\"item\":\"https:\/\/giftbar.flowers\/kolekcje\/kwiaty\/bukiety-kwiatow-pl\/\"},{\"@type\":\"ListItem\",\"position\":3,\"name\":\"\u0411\u0443\u043a\u0435\u0442 \u043a\u0432\u0456\u0442\u0456\u0432 &#8220;Pink Pepper&#8221;\"}]},{\"@type\":\"WebSite\",\"@id\":\"https:\/\/giftbar.flowers\/#website\",\"url\":\"https:\/\/giftbar.flowers\/\",\"name\":\"Giftbar Flowers\",\"description\":\"\u0434\u043e\u0441\u0442\u0430\u0432\u043a\u0430 \u043a\u0432\u0456\u0442\u0456\u0432, \u043a\u0443\u043b\u044c\u043e\u043a, \u043f\u043e\u0434\u0430\u0440\u0443\u043d\u043a\u0456\u0432.\",\"alternateName\":\"Giftbar Flowers\",\"potentialAction\":[{\"@type\":\"SearchAction\",\"target\":{\"@type\":\"EntryPoint\",\"urlTemplate\":\"https:\/\/giftbar.flowers\/?s={search_term_string}\"},\"query-input\":{\"@type\":\"PropertyValueSpecification\",\"valueRequired\":true,\"valueName\":\"search_term_string\"}}],\"inLanguage\":\"Ua\"}]}<\/script>\n<!-- \/ Yoast SEO plugin. -->","yoast_head_json":{"title":"\u0411\u0443\u043a\u0435\u0442 \u043a\u0432\u0456\u0442\u0456\u0432 \"Pink Pepper\" - Giftbar Flowers","description":"\u0411\u0443\u043a\u0435\u0442 \u043a\u0432\u0456\u0442\u0456\u0432 \"Pink Pepper\" - Giftbar Flowers","robots":{"index":"index","follow":"follow","max-snippet":"max-snippet:-1","max-image-preview":"max-image-preview:large","max-video-preview":"max-video-preview:-1"},"og_locale":"ua_UA","og_type":"article","og_title":"\u0411\u0443\u043a\u0435\u0442 \u043a\u0432\u0456\u0442\u0456\u0432 \"Pink Pepper\" - Giftbar Flowers","og_description":"\u0411\u0443\u043a\u0435\u0442 \u043a\u0432\u0456\u0442\u0456\u0432 \"Pink Pepper\" - Giftbar Flowers","og_url":"https:\/\/giftbar.flowers\/uk\/product\/buket-kvitiv-pink-pepper\/","og_site_name":"Giftbar Flowers","article_modified_time":"2025-08-06T23:47:54+00:00","og_image":[{"width":1920,"height":2560,"url":"https:\/\/giftbar.flowers\/wp-content\/uploads\/2025\/07\/bukietkwiatowjpinkpapper_kwiaciarniawarszawa_kwiatywarszawa_dostawakwiatowwarszawa_rozewarszawa_zamowickwiatywarszawa-scaled.jpg","type":"image\/jpeg"}],"twitter_card":"summary_large_image","twitter_misc":{"Est. reading time":"1 minute"},"schema":{"@context":"https:\/\/schema.org","@graph":[{"@type":"WebPage","@id":"https:\/\/giftbar.flowers\/uk\/product\/buket-kvitiv-pink-pepper\/","url":"https:\/\/giftbar.flowers\/uk\/product\/buket-kvitiv-pink-pepper\/","name":"\u0411\u0443\u043a\u0435\u0442 \u043a\u0432\u0456\u0442\u0456\u0432 \"Pink Pepper\" - Giftbar Flowers","isPartOf":{"@id":"https:\/\/giftbar.flowers\/#website"},"primaryImageOfPage":{"@id":"https:\/\/giftbar.flowers\/uk\/product\/buket-kvitiv-pink-pepper\/#primaryimage"},"image":{"@id":"https:\/\/giftbar.flowers\/uk\/product\/buket-kvitiv-pink-pepper\/#primaryimage"},"thumbnailUrl":"https:\/\/giftbar.flowers\/wp-content\/uploads\/2025\/07\/bukietkwiatowjpinkpapper_kwiaciarniawarszawa_kwiatywarszawa_dostawakwiatowwarszawa_rozewarszawa_zamowickwiatywarszawa-scaled.jpg","datePublished":"2025-07-30T21:55:22+00:00","dateModified":"2025-08-06T23:47:54+00:00","description":"\u0411\u0443\u043a\u0435\u0442 \u043a\u0432\u0456\u0442\u0456\u0432 \"Pink Pepper\" - Giftbar Flowers","breadcrumb":{"@id":"https:\/\/giftbar.flowers\/uk\/product\/buket-kvitiv-pink-pepper\/#breadcrumb"},"inLanguage":"Ua","potentialAction":[{"@type":"ReadAction","target":["https:\/\/giftbar.flowers\/uk\/product\/buket-kvitiv-pink-pepper\/"]}]},{"@type":"ImageObject","inLanguage":"Ua","@id":"https:\/\/giftbar.flowers\/uk\/product\/buket-kvitiv-pink-pepper\/#primaryimage","url":"https:\/\/giftbar.flowers\/wp-content\/uploads\/2025\/07\/bukietkwiatowjpinkpapper_kwiaciarniawarszawa_kwiatywarszawa_dostawakwiatowwarszawa_rozewarszawa_zamowickwiatywarszawa-scaled.jpg","contentUrl":"https:\/\/giftbar.flowers\/wp-content\/uploads\/2025\/07\/bukietkwiatowjpinkpapper_kwiaciarniawarszawa_kwiatywarszawa_dostawakwiatowwarszawa_rozewarszawa_zamowickwiatywarszawa-scaled.jpg","width":1920,"height":2560,"caption":"Kwiaty Warszawa, \u0426\u0432\u0435\u0442\u044b \u0412\u0430\u0440\u0448\u0430\u0432\u0430, \u041a\u0432\u0456\u0442\u0438 \u0412\u0430\u0440\u0448\u0430\u0432\u0430, Flowers in Warsaw, Dostawa kwiato\u0301w Warszawa, \u0426\u0432\u0435\u0442\u044b \u0441 \u0434\u043e\u0441\u0442\u0430\u0432\u043a\u043e\u0438\u0306 \u0432 \u0412\u0430\u0440\u0448\u0430\u0432\u0435, \u0417\u0430\u043a\u0430\u0437\u0430\u0442\u044c \u0446\u0432\u0435\u0442\u044b \u0432 \u0412\u0430\u0440\u0448\u0430\u0432\u0435, Dostawa kwiato\u0301w, Bukiet z dostawa\u0328 Warszawa, Bukiet zamo\u0301wic\u0301, Kwia\u0441iarnia Mokoto\u0301w, Kwiaty dla domu, Kwiaty \u015br\u00f3dmie\u015bcie, kwiaty, r\u00f3\u017ce, peony, piwonia, Bouquet in Warsaw, kwiaty dla domu, bukiet z piwonii, hortensja, bukiet z hortensji, kwiaty"},{"@type":"BreadcrumbList","@id":"https:\/\/giftbar.flowers\/uk\/product\/buket-kvitiv-pink-pepper\/#breadcrumb","itemListElement":[{"@type":"ListItem","position":1,"name":"Kwiaty","item":"https:\/\/giftbar.flowers\/kolekcje\/kwiaty\/"},{"@type":"ListItem","position":2,"name":"Bukiety kwiat\u00f3w","item":"https:\/\/giftbar.flowers\/kolekcje\/kwiaty\/bukiety-kwiatow-pl\/"},{"@type":"ListItem","position":3,"name":"\u0411\u0443\u043a\u0435\u0442 \u043a\u0432\u0456\u0442\u0456\u0432 &#8220;Pink Pepper&#8221;"}]},{"@type":"WebSite","@id":"https:\/\/giftbar.flowers\/#website","url":"https:\/\/giftbar.flowers\/","name":"Giftbar Flowers","description":"\u0434\u043e\u0441\u0442\u0430\u0432\u043a\u0430 \u043a\u0432\u0456\u0442\u0456\u0432, \u043a\u0443\u043b\u044c\u043e\u043a, \u043f\u043e\u0434\u0430\u0440\u0443\u043d\u043a\u0456\u0432.","alternateName":"Giftbar Flowers","potentialAction":[{"@type":"SearchAction","target":{"@type":"EntryPoint","urlTemplate":"https:\/\/giftbar.flowers\/?s={search_term_string}"},"query-input":{"@type":"PropertyValueSpecification","valueRequired":true,"valueName":"search_term_string"}}],"inLanguage":"Ua"}]}},"_links":{"self":[{"href":"https:\/\/giftbar.flowers\/uk\/wp-json\/wp\/v2\/product\/34922","targetHints":{"allow":["GET"]}}],"collection":[{"href":"https:\/\/giftbar.flowers\/uk\/wp-json\/wp\/v2\/product"}],"about":[{"href":"https:\/\/giftbar.flowers\/uk\/wp-json\/wp\/v2\/types\/product"}],"wp:featuredmedia":[{"embeddable":true,"href":"https:\/\/giftbar.flowers\/uk\/wp-json\/wp\/v2\/media\/34911"}],"wp:attachment":[{"href":"https:\/\/giftbar.flowers\/uk\/wp-json\/wp\/v2\/media?parent=34922"}],"wp:term":[{"taxonomy":"product_brand","embeddable":true,"href":"https:\/\/giftbar.flowers\/uk\/wp-json\/wp\/v2\/product_brand?post=34922"},{"taxonomy":"product_cat","embeddable":true,"href":"https:\/\/giftbar.flowers\/uk\/wp-json\/wp\/v2\/product_cat?post=34922"},{"taxonomy":"product_tag","embeddable":true,"href":"https:\/\/giftbar.flowers\/uk\/wp-json\/wp\/v2\/product_tag?post=34922"}],"curies":[{"name":"wp","href":"https:\/\/api.w.org\/{rel}","templated":true}]}}