{"id":20828,"date":"2024-06-25T10:35:28","date_gmt":"2024-06-25T09:35:28","guid":{"rendered":"https:\/\/giftbar.flowers\/pitannya\/"},"modified":"2024-08-24T11:52:00","modified_gmt":"2024-08-24T10:52:00","slug":"faq","status":"publish","type":"page","link":"https:\/\/giftbar.flowers\/uk\/faq\/","title":{"rendered":"\u0429\u043e \u0432\u0430\u0440\u0442\u043e \u0437\u043d\u0430\u0442\u0438"},"content":{"rendered":"<div class=\"schema-faq wp-block-yoast-faq-block\"><div class=\"schema-faq-section\" id=\"faq-question-1719308100334\"><strong class=\"schema-faq-question\"><strong>\u042f\u043a \u043e\u0444\u043e\u0440\u043c\u0438\u0442\u0438 \u0437\u0430\u043c\u043e\u0432\u043b\u0435\u043d\u043d\u044f?<\/strong><\/strong> <p class=\"schema-faq-answer\">\u0412\u0438 \u043c\u043e\u0436\u0435\u0442\u0435 \u0437\u0440\u043e\u0431\u0438\u0442\u0438 \u0437\u0430\u043c\u043e\u0432\u043b\u0435\u043d\u043d\u044f \u0447\u0435\u0440\u0435\u0437 \u0441\u0430\u0439\u0442, \u0435\u043b\u0435\u043a\u0442\u0440\u043e\u043d\u043d\u0443 \u043f\u043e\u0448\u0442\u0443, \u0441\u043e\u0446\u0456\u0430\u043b\u044c\u043d\u0456 \u043c\u0435\u0440\u0435\u0436\u0456 \u0430\u0431\u043e \u0437\u0432&#8217;\u044f\u0437\u0430\u0442\u0438\u0441\u044f \u0437 \u043d\u0430\u0448\u0438\u043c \u043a\u043e\u043d\u0441\u0443\u043b\u044c\u0442\u0430\u043d\u0442\u043e\u043c \u043f\u043e \u0442\u0435\u043b\u0435\u0444\u043e\u043d\u0443.<\/p> <\/div> <div class=\"schema-faq-section\" id=\"faq-question-1719308109083\"><strong class=\"schema-faq-question\"><strong>\u042f\u043a\u0438\u0439 \u0447\u0430\u0441 \u0432\u0438\u043a\u043e\u043d\u0430\u043d\u043d\u044f?<\/strong><\/strong> <p class=\"schema-faq-answer\">\u0422\u0435\u0440\u043c\u0456\u043d \u0432\u0438\u043a\u043e\u043d\u0430\u043d\u043d\u044f 1-2 \u0440\u043e\u0431\u043e\u0447\u0438\u0445 \u0434\u043d\u0456, \u0437\u0430\u043c\u043e\u0432\u043b\u0435\u043d\u043d\u044f \u043f\u043e\u0432\u0438\u043d\u043d\u0456 \u0431\u0443\u0442\u0438 \u0440\u043e\u0437\u043c\u0456\u0449\u0435\u043d\u0456 \u0434\u043e 19:00, \u0449\u043e\u0431 \u0431\u0443\u0442\u0438 \u0434\u043e\u0441\u0442\u0430\u0432\u043b\u0435\u043d\u0438\u043c\u0438 \u0432 \u0442\u043e\u0439 \u0436\u0435 \u0434\u0435\u043d\u044c.<\/p> <\/div> <div class=\"schema-faq-section\" id=\"faq-question-1719310266102\"><strong class=\"schema-faq-question\"><strong>\u042f\u043a\u0456 \u043c\u043e\u0436\u043b\u0438\u0432\u0456 \u0441\u043f\u043e\u0441\u043e\u0431\u0438 \u043e\u043f\u043b\u0430\u0442\u0438?<\/strong><\/strong> <p class=\"schema-faq-answer\">\u0412\u0438 \u043c\u043e\u0436\u0435\u0442\u0435 \u043e\u0431\u0440\u0430\u0442\u0438 \u043e\u0434\u0438\u043d \u0437 \u043d\u0430\u0441\u0442\u0443\u043f\u043d\u0438\u0445 \u0441\u043f\u043e\u0441\u043e\u0431\u0456\u0432 \u043e\u043f\u043b\u0430\u0442\u0438:<br>-\u043a\u0440\u0435\u0434\u0438\u0442\u043d\u0430 \u043a\u0430\u0440\u0442\u043a\u0430<br>-\u043e\u043f\u043b\u0430\u0442\u0430 \u043e\u043d\u043b\u0430\u0439\u043d<br>-\u0431\u0430\u043d\u043a\u0456\u0432\u0441\u044c\u043a\u0438\u0439 \u043f\u0435\u0440\u0435\u043a\u0430\u0437<br>-Pay Pal<br>-\u041d\u0430\u043a\u043b\u0430\u0434\u0435\u043d\u0438\u0439 \u043f\u043b\u0430\u0442\u0456\u0436 \u0443 \u043c\u0430\u0433\u0430\u0437\u0438\u043d\u0456<\/p> <\/div> <div class=\"schema-faq-section\" id=\"faq-question-1719310286212\"><strong class=\"schema-faq-question\"><strong>\u042f\u043a \u0434\u043e\u0432\u0433\u043e \u043f\u043e\u0432\u0456\u0442\u0440\u044f\u043d\u0456 \u043a\u0443\u043b\u0456 \u0431\u0443\u0434\u0443\u0442\u044c \u043f\u043b\u0430\u0432\u0430\u0442\u0438?<\/strong><\/strong> <p class=\"schema-faq-answer\">\u041e\u043a\u0440\u0456\u043c \u0433\u0435\u043b\u0456\u044e, \u043c\u0438 \u043d\u0430\u043f\u043e\u0432\u043d\u044e\u0454\u043c\u043e \u0432\u0441\u0456 \u043b\u0430\u0442\u0435\u043a\u0441\u043d\u0456 \u043a\u0443\u043b\u044c\u043a\u0438 \u0441\u043f\u0435\u0446\u0456\u0430\u043b\u044c\u043d\u0438\u043c \u0433\u0435\u043b\u0435\u043c, \u044f\u043a\u0438\u0439 \u043f\u043e\u0434\u043e\u0432\u0436\u0443\u0454 \u0447\u0430\u0441 \u043f\u043b\u0430\u0432\u0430\u043d\u043d\u044f \u043a\u0443\u043b\u044c\u043e\u043a \u0434\u043e 3-4 \u0434\u043d\u0456\u0432.<br>\u0424\u043e\u043b\u044c\u0433\u043e\u0432\u0430\u043d\u0456 \u043a\u0443\u043b\u0456 \u0437 \u043d\u0435\u043f\u0440\u043e\u043d\u0438\u043a\u043d\u043e\u0457 \u043c\u0456\u043a\u043e\u043f\u043b\u0456\u0432\u043a\u0438 \u043c\u0430\u044e\u0442\u044c \u0456\u043d\u0448\u0456 \u0432\u043b\u0430\u0441\u0442\u0438\u0432\u043e\u0441\u0442\u0456 \u2013 \u0432\u043e\u043d\u0438 \u0431\u0443\u0434\u0443\u0442\u044c \u043f\u043b\u0430\u0432\u0430\u0442\u0438 \u043d\u0430\u0431\u0430\u0433\u0430\u0442\u043e \u0434\u043e\u0432\u0448\u0435 \u2013 \u0432 \u0437\u0430\u043b\u0435\u0436\u043d\u043e\u0441\u0442\u0456 \u0432\u0456\u0434 \u0444\u043e\u0440\u043c\u0438 (\u0432\u0456\u0434 \u0442\u0438\u0436\u043d\u044f \u0434\u043e \u043c\u0456\u0441\u044f\u0446\u044f).<br>\u041f\u0435\u0432\u043d\u0456 \u0444\u0430\u043a\u0442\u043e\u0440\u0438 \u043d\u0435\u0433\u0430\u0442\u0438\u0432\u043d\u043e \u0432\u043f\u043b\u0438\u0432\u0430\u044e\u0442\u044c \u043d\u0430 \u0434\u043e\u0432\u0433\u043e\u0432\u0456\u0447\u043d\u0456\u0441\u0442\u044c \u0430\u0435\u0440\u043e\u0441\u0442\u0430\u0442\u0456\u0432 \u0456 \u043c\u043e\u0436\u0443\u0442\u044c \u0441\u043a\u043e\u0440\u043e\u0442\u0438\u0442\u0438 \u0447\u0430\u0441 \u0457\u0445\u043d\u044c\u043e\u0433\u043e \u043f\u0435\u0440\u0435\u0431\u0443\u0432\u0430\u043d\u043d\u044f \u0432 \u043f\u043e\u0432\u0456\u0442\u0440\u0456.<br>\u0426\u0435 \u043d\u0430\u0441\u0430\u043c\u043f\u0435\u0440\u0435\u0434:<br>-\u041a\u043e\u043d\u0434\u0438\u0446\u0456\u043e\u043d\u0443\u0432\u0430\u043d\u043d\u044f<br>-\u0417\u0431\u0435\u0440\u0456\u0433\u0430\u043d\u043d\u044f \u043f\u043e\u0432\u0456\u0442\u0440\u044f\u043d\u0438\u0445 \u043a\u0443\u043b\u044c \u043f\u0440\u043e\u0442\u044f\u0433\u043e\u043c \u0442\u0440\u0438\u0432\u0430\u043b\u043e\u0433\u043e \u0447\u0430\u0441\u0443 \u043f\u0440\u0438 \u0437\u0430\u043d\u0430\u0434\u0442\u043e \u043d\u0438\u0437\u044c\u043a\u0456\u0439 \u0430\u0431\u043e \u0437\u0430\u043d\u0430\u0434\u0442\u043e \u0432\u0438\u0441\u043e\u043a\u0456\u0439 \u0442\u0435\u043c\u043f\u0435\u0440\u0430\u0442\u0443\u0440\u0456<br>-\u0411\u0438\u0442\u0442\u044f \u0442\u0430 \u0441\u0442\u0438\u0441\u043a\u0430\u043d\u043d\u044f \u043f\u043e\u0432\u0456\u0442\u0440\u044f\u043d\u043e\u0457 \u043a\u0443\u043b\u044c\u043a\u0438<br>-\u0412\u043f\u043b\u0438\u0432 \u0434\u0436\u0435\u0440\u0435\u043b \u0442\u0435\u043f\u043b\u0430 \u0456 \u0441\u043e\u043d\u044f\u0447\u043d\u0438\u0445 \u043f\u0440\u043e\u043c\u0435\u043d\u0456\u0432.<\/p> <\/div> <div class=\"schema-faq-section\" id=\"faq-question-1719310309407\"><strong class=\"schema-faq-question\"><strong>\u0427\u0438 \u043c\u043e\u0436\u043d\u0430 \u0432\u043a\u043b\u044e\u0447\u0438\u0442\u0438 \u043a\u0432\u0438\u0442\u043e\u043a \u0434\u043e \u0437\u0430\u043c\u043e\u0432\u043b\u0435\u043d\u043d\u044f?<\/strong><\/strong> <p class=\"schema-faq-answer\">\u0417\u0432\u0456\u0441\u043d\u043e! \u0414\u043e \u043a\u043e\u0436\u043d\u043e\u0433\u043e \u0437\u0430\u043c\u043e\u0432\u043b\u0435\u043d\u043d\u044f \u043c\u0438 \u0434\u043e\u0434\u0430\u0454\u043c\u043e \u043a\u0432\u0438\u0442\u043e\u043a, \u043d\u0430 \u044f\u043a\u043e\u043c\u0443 \u043c\u043e\u0436\u0435 \u0431\u0443\u0442\u0438 \u0431\u0443\u0434\u044c-\u044f\u043a\u0438\u0439 \u043d\u0430\u043f\u0438\u0441.<\/p> <\/div> <div class=\"schema-faq-section\" id=\"faq-question-1719310321098\"><strong class=\"schema-faq-question\"><strong>\u0427\u0438 \u043c\u043e\u0436\u0435\u0442\u0435 \u0432\u0438 \u0441\u0442\u0432\u043e\u0440\u0438\u0442\u0438 \u0432\u043b\u0430\u0441\u043d\u0438\u0439 \u0431\u0443\u043a\u0435\u0442 \u0430\u0431\u043e \u043d\u0430\u0431\u0456\u0440 \u043f\u043e\u0432\u0456\u0442\u0440\u044f\u043d\u0438\u0445 \u043a\u0443\u043b\u044c\u043e\u043a?<\/strong><\/strong> <p class=\"schema-faq-answer\">\u0422\u0430\u043a, \u044f\u043a\u0449\u043e \u0432\u0430\u043c \u043d\u0435 \u0441\u043f\u043e\u0434\u043e\u0431\u0430\u0432\u0441\u044f \u0436\u043e\u0434\u0435\u043d \u0437 \u043d\u0430\u0448\u0438\u0445 \u0433\u043e\u0442\u043e\u0432\u0438\u0445 \u0431\u0443\u043a\u0435\u0442\u0456\u0432 \u0430\u0431\u043e \u043d\u0430\u0431\u043e\u0440\u0456\u0432 \u043f\u043e\u0432\u0456\u0442\u0440\u044f\u043d\u0438\u0445 \u043a\u0443\u043b\u044c\u043e\u043a, \u0431\u0443\u0434\u044c \u043b\u0430\u0441\u043a\u0430, \u0437\u0432&#8217;\u044f\u0436\u0456\u0442\u044c\u0441\u044f \u0437 \u043d\u0430\u043c\u0438 \u0456 \u043f\u043e\u0432\u0456\u0434\u043e\u043c\u0442\u0435 \u0434\u0435\u0442\u0430\u043b\u0456 \u0432\u0430\u0448\u043e\u0433\u043e \u0437\u0430\u043c\u043e\u0432\u043b\u0435\u043d\u043d\u044f.<\/p> <\/div> <div class=\"schema-faq-section\" id=\"faq-question-1719310335809\"><strong class=\"schema-faq-question\"><strong>\u042f\u043a \u0432\u0438 \u0434\u043e\u0433\u043b\u044f\u0434\u0430\u0454\u0442\u0435 \u0437\u0430 \u043a\u0432\u0456\u0442\u0430\u043c\u0438?<\/strong><\/strong> <p class=\"schema-faq-answer\">\u0414\u043e \u043a\u043e\u0436\u043d\u043e\u0433\u043e \u0431\u0443\u043a\u0435\u0442\u0443 \u0434\u043e\u0434\u0430\u0454\u0442\u044c\u0441\u044f \u043b\u0438\u0441\u0442\u0456\u0432\u043a\u0430 \u0437 \u0456\u043d\u0441\u0442\u0440\u0443\u043a\u0446\u0456\u044f\u043c\u0438 \u043f\u043e \u0434\u043e\u0433\u043b\u044f\u0434\u0443 \u0437\u0430 \u0431\u0443\u043a\u0435\u0442\u043e\u043c \u0456 \u043a\u0432\u0456\u0442\u0430\u043c\u0438 \u0432 \u043a\u043e\u0440\u043e\u0431\u0446\u0456<br>\u041d\u0430\u0439\u0432\u0430\u0436\u043b\u0438\u0432\u0456\u0448\u0456 \u043f\u0440\u0430\u0432\u0438\u043b\u0430, \u044f\u043a \u043f\u0440\u043e\u0434\u043e\u0432\u0436\u0438\u0442\u0438 \u0441\u0432\u0456\u0436\u0456\u0441\u0442\u044c \u043a\u0432\u0456\u0442\u0456\u0432:<br>-\u041a\u0432\u0456\u0442\u0438 \u043f\u043e\u0442\u0440\u0456\u0431\u043d\u043e \u043f\u043e\u043b\u0438\u0432\u0430\u0442\u0438<br>-\u041e\u0431\u0440\u0456\u0436\u0442\u0435 \u043a\u0456\u043d\u0446\u0456<br>&#8211; \u0422\u0440\u0438\u043c\u0430\u0439\u0442\u0435 \u043f\u043e\u0434\u0430\u043b\u0456 \u0432\u0456\u0434 \u0440\u0430\u0434\u0456\u0430\u0442\u043e\u0440\u0456\u0432 \u0442\u0430 \u0456\u043d\u0448\u0438\u0445 \u0434\u0436\u0435\u0440\u0435\u043b \u0442\u0435\u043f\u043b\u0430.<\/p> <\/div> <\/div>\n","protected":false},"excerpt":{"rendered":"","protected":false},"author":1,"featured_media":0,"parent":0,"menu_order":0,"comment_status":"closed","ping_status":"closed","template":"","meta":{"footnotes":""},"class_list":["post-20828","page","type-page","status-publish","hentry"],"yoast_head":"<!-- This site is optimized with the Yoast SEO plugin v25.7 - https:\/\/yoast.com\/wordpress\/plugins\/seo\/ -->\n<title>\u0429\u043e \u0432\u0430\u0440\u0442\u043e \u0437\u043d\u0430\u0442\u0438 -<\/title>\n<meta name=\"robots\" content=\"index, follow, max-snippet:-1, max-image-preview:large, max-video-preview:-1\" \/>\n<meta property=\"og:locale\" content=\"ua_UA\" \/>\n<meta property=\"og:type\" content=\"article\" \/>\n<meta property=\"og:title\" content=\"\u0429\u043e \u0432\u0430\u0440\u0442\u043e \u0437\u043d\u0430\u0442\u0438 -\" \/>\n<meta property=\"og:url\" content=\"https:\/\/giftbar.flowers\/uk\/faq\/\" \/>\n<meta property=\"og:site_name\" content=\"Giftbar Flowers\" \/>\n<meta property=\"article:modified_time\" content=\"2024-08-24T10:52:00+00:00\" \/>\n<meta name=\"twitter:card\" content=\"summary_large_image\" \/>\n<meta name=\"twitter:label1\" content=\"Est. reading time\" \/>\n\t<meta name=\"twitter:data1\" content=\"2 minutes\" \/>\n<script type=\"application\/ld+json\" class=\"yoast-schema-graph\">{\"@context\":\"https:\/\/schema.org\",\"@graph\":[{\"@type\":[\"WebPage\",\"FAQPage\"],\"@id\":\"https:\/\/giftbar.flowers\/uk\/faq\/\",\"url\":\"https:\/\/giftbar.flowers\/uk\/faq\/\",\"name\":\"\u0429\u043e \u0432\u0430\u0440\u0442\u043e \u0437\u043d\u0430\u0442\u0438 -\",\"isPartOf\":{\"@id\":\"https:\/\/giftbar.flowers\/#website\"},\"datePublished\":\"2024-06-25T09:35:28+00:00\",\"dateModified\":\"2024-08-24T10:52:00+00:00\",\"mainEntity\":[{\"@id\":\"https:\/\/giftbar.flowers\/uk\/faq\/#faq-question-1719308100334\"},{\"@id\":\"https:\/\/giftbar.flowers\/uk\/faq\/#faq-question-1719308109083\"},{\"@id\":\"https:\/\/giftbar.flowers\/uk\/faq\/#faq-question-1719310266102\"},{\"@id\":\"https:\/\/giftbar.flowers\/uk\/faq\/#faq-question-1719310286212\"},{\"@id\":\"https:\/\/giftbar.flowers\/uk\/faq\/#faq-question-1719310309407\"},{\"@id\":\"https:\/\/giftbar.flowers\/uk\/faq\/#faq-question-1719310321098\"},{\"@id\":\"https:\/\/giftbar.flowers\/uk\/faq\/#faq-question-1719310335809\"}],\"inLanguage\":\"Ua\",\"potentialAction\":[{\"@type\":\"ReadAction\",\"target\":[\"https:\/\/giftbar.flowers\/uk\/faq\/\"]}]},{\"@type\":\"WebSite\",\"@id\":\"https:\/\/giftbar.flowers\/#website\",\"url\":\"https:\/\/giftbar.flowers\/\",\"name\":\"Giftbar Flowers\",\"description\":\"\u0434\u043e\u0441\u0442\u0430\u0432\u043a\u0430 \u043a\u0432\u0456\u0442\u0456\u0432, \u043a\u0443\u043b\u044c\u043e\u043a, \u043f\u043e\u0434\u0430\u0440\u0443\u043d\u043a\u0456\u0432.\",\"alternateName\":\"Giftbar Flowers\",\"potentialAction\":[{\"@type\":\"SearchAction\",\"target\":{\"@type\":\"EntryPoint\",\"urlTemplate\":\"https:\/\/giftbar.flowers\/?s={search_term_string}\"},\"query-input\":{\"@type\":\"PropertyValueSpecification\",\"valueRequired\":true,\"valueName\":\"search_term_string\"}}],\"inLanguage\":\"Ua\"},{\"@type\":\"Question\",\"@id\":\"https:\/\/giftbar.flowers\/uk\/faq\/#faq-question-1719308100334\",\"position\":1,\"url\":\"https:\/\/giftbar.flowers\/uk\/faq\/#faq-question-1719308100334\",\"name\":\"Jak mog\u0119 z\u0142o\u017cy\u0107 zam\u00f3wienie?\",\"answerCount\":1,\"acceptedAnswer\":{\"@type\":\"Answer\",\"text\":\"Zam\u00f3wienie mo\u017cna z\u0142o\u017cy\u0107 przez stron\u0119 internetow\u0105, e-mail, w sieciach spo\u0142eczno\u015bciowych lub skontaktowa\u0107 si\u0119 z naszym konsultantem telefonicznie.\",\"inLanguage\":\"Ua\"},\"inLanguage\":\"Ua\"},{\"@type\":\"Question\",\"@id\":\"https:\/\/giftbar.flowers\/uk\/faq\/#faq-question-1719308109083\",\"position\":2,\"url\":\"https:\/\/giftbar.flowers\/uk\/faq\/#faq-question-1719308109083\",\"name\":\"Jaki jest czas realizacji zam\u00f3wienia?\",\"answerCount\":1,\"acceptedAnswer\":{\"@type\":\"Answer\",\"text\":\"Czas realizacji 1-2 dni robocze, aby zam\u00f3wienie zosta\u0142o dostarczone w dniu sk\u0142adania zam\u00f3wienia nale\u017cy go z\u0142o\u017cy\u0107 do godziny 19:00.\",\"inLanguage\":\"Ua\"},\"inLanguage\":\"Ua\"},{\"@type\":\"Question\",\"@id\":\"https:\/\/giftbar.flowers\/uk\/faq\/#faq-question-1719310266102\",\"position\":3,\"url\":\"https:\/\/giftbar.flowers\/uk\/faq\/#faq-question-1719310266102\",\"name\":\"Jakie s\u0105 mo\u017cliwe metody p\u0142atno\u015bci?\",\"answerCount\":1,\"acceptedAnswer\":{\"@type\":\"Answer\",\"text\":\"Do wyboru s\u0105 nast\u0119puj\u0105ce metody p\u0142atno\u015bci:<br\/>-karta kredytowa<br\/>-p\u0142atno\u015b\u0107 online<br\/>-przelew bankowy<br\/>-Pay Pal<br\/>-Got\u00f3wk\u0105 przy odbiorze w sklepie\",\"inLanguage\":\"Ua\"},\"inLanguage\":\"Ua\"},{\"@type\":\"Question\",\"@id\":\"https:\/\/giftbar.flowers\/uk\/faq\/#faq-question-1719310286212\",\"position\":4,\"url\":\"https:\/\/giftbar.flowers\/uk\/faq\/#faq-question-1719310286212\",\"name\":\"Jak d\u0142ugo b\u0119d\u0105 unosi\u0107 si\u0119 balony?\",\"answerCount\":1,\"acceptedAnswer\":{\"@type\":\"Answer\",\"text\":\"Opr\u00f3cz helu wszystkie balony lateksowe wype\u0142niamy specjalnym \u017celem, kt\u00f3ry przed\u0142u\u017ca czas unoszenia si\u0119 balon\u00f3w do 3-4 dni.<br\/>Balony foliowe wykonane z nieprzepuszczaj\u0105cej mikofolii maj\u0105 inne w\u0142a\u015bciwo\u015bci \u2013 b\u0119d\u0105 unosi\u0107 si\u0119 znacznie d\u0142u\u017cej-zale\u017cnie od kszta\u0142tu (od tygodnia do miesi\u0105ca).<br\/>Niekt\u00f3re czynniki maj\u0105 negatywny wp\u0142yw na trwa\u0142o\u015b\u0107 balon\u00f3w i mog\u0105 skr\u00f3ci\u0107 czas ich unoszenia si\u0119.<br\/>To przede wszystkim:<br\/>-Klimatyzacja<br\/>-Przechowywanie balon\u00f3w przez d\u0142u\u017cszy okres czasu w zbyt niskiej lub wysokiej temperaturze<br\/>-Obijanie i \u015bciskanie balona<br\/>-Wystawienie na oddzia\u0142ywanie \u017ar\u00f3de\u0142 ciep\u0142a oraz promieni s\u0142onecznych.\",\"inLanguage\":\"Ua\"},\"inLanguage\":\"Ua\"},{\"@type\":\"Question\",\"@id\":\"https:\/\/giftbar.flowers\/uk\/faq\/#faq-question-1719310309407\",\"position\":5,\"url\":\"https:\/\/giftbar.flowers\/uk\/faq\/#faq-question-1719310309407\",\"name\":\"Czy do zam\u00f3wienia mo\u017cna do\u0142\u0105czy\u0107 bilecik?\",\"answerCount\":1,\"acceptedAnswer\":{\"@type\":\"Answer\",\"text\":\"Oczywi\u015bcie! Do ka\u017cdego zam\u00f3wienia dodajemy bilecik, na kt\u00f3rym mo\u017ce by\u0107 dowolny napis.\",\"inLanguage\":\"Ua\"},\"inLanguage\":\"Ua\"},{\"@type\":\"Question\",\"@id\":\"https:\/\/giftbar.flowers\/uk\/faq\/#faq-question-1719310321098\",\"position\":6,\"url\":\"https:\/\/giftbar.flowers\/uk\/faq\/#faq-question-1719310321098\",\"name\":\"Czy mo\u017cna stworzy\u0107 w\u0142asny bukiet lub zestaw balon\u00f3wy?\",\"answerCount\":1,\"acceptedAnswer\":{\"@type\":\"Answer\",\"text\":\"Tak, je\u015bli nie przypad\u0142 Ci do gustu \u017caden z naszych gotowych bukiet\u00f3w lub zestaw\u00f3w balonowych skontaktuj si\u0119 z nami i podaj szczeg\u00f3\u0142y Twojego zam\u00f3wienia.\",\"inLanguage\":\"Ua\"},\"inLanguage\":\"Ua\"},{\"@type\":\"Question\",\"@id\":\"https:\/\/giftbar.flowers\/uk\/faq\/#faq-question-1719310335809\",\"position\":7,\"url\":\"https:\/\/giftbar.flowers\/uk\/faq\/#faq-question-1719310335809\",\"name\":\"Jak piel\u0119gnowa\u0107 kwiaty?\",\"answerCount\":1,\"acceptedAnswer\":{\"@type\":\"Answer\",\"text\":\"Do ka\u017cdego bukietu do\u0142\u0105czamy kartk\u0119 z instrukcj\u0105 jak dba\u0107 o bukiet oraz kwiaty w pude\u0142ku<br\/>Najwa\u017cniejsze zasady, jak przed\u0142u\u017cy\u0107 \u015bwie\u017co\u015b\u0107 kwiat\u00f3w:<br\/>-Kwiaty nale\u017cy podlewa\u0107<br\/>-Podcina\u0107 ko\u0144c\u00f3wki<br\/>-Przechowywa\u0107 z dala od grzejnik\u00f3w i innych \u017ar\u00f3de\u0142 ciep\u0142a.\",\"inLanguage\":\"Ua\"},\"inLanguage\":\"Ua\"}]}<\/script>\n<!-- \/ Yoast SEO plugin. -->","yoast_head_json":{"title":"\u0429\u043e \u0432\u0430\u0440\u0442\u043e \u0437\u043d\u0430\u0442\u0438 -","robots":{"index":"index","follow":"follow","max-snippet":"max-snippet:-1","max-image-preview":"max-image-preview:large","max-video-preview":"max-video-preview:-1"},"og_locale":"ua_UA","og_type":"article","og_title":"\u0429\u043e \u0432\u0430\u0440\u0442\u043e \u0437\u043d\u0430\u0442\u0438 -","og_url":"https:\/\/giftbar.flowers\/uk\/faq\/","og_site_name":"Giftbar Flowers","article_modified_time":"2024-08-24T10:52:00+00:00","twitter_card":"summary_large_image","twitter_misc":{"Est. reading time":"2 minutes"},"schema":{"@context":"https:\/\/schema.org","@graph":[{"@type":["WebPage","FAQPage"],"@id":"https:\/\/giftbar.flowers\/uk\/faq\/","url":"https:\/\/giftbar.flowers\/uk\/faq\/","name":"\u0429\u043e \u0432\u0430\u0440\u0442\u043e \u0437\u043d\u0430\u0442\u0438 -","isPartOf":{"@id":"https:\/\/giftbar.flowers\/#website"},"datePublished":"2024-06-25T09:35:28+00:00","dateModified":"2024-08-24T10:52:00+00:00","mainEntity":[{"@id":"https:\/\/giftbar.flowers\/uk\/faq\/#faq-question-1719308100334"},{"@id":"https:\/\/giftbar.flowers\/uk\/faq\/#faq-question-1719308109083"},{"@id":"https:\/\/giftbar.flowers\/uk\/faq\/#faq-question-1719310266102"},{"@id":"https:\/\/giftbar.flowers\/uk\/faq\/#faq-question-1719310286212"},{"@id":"https:\/\/giftbar.flowers\/uk\/faq\/#faq-question-1719310309407"},{"@id":"https:\/\/giftbar.flowers\/uk\/faq\/#faq-question-1719310321098"},{"@id":"https:\/\/giftbar.flowers\/uk\/faq\/#faq-question-1719310335809"}],"inLanguage":"Ua","potentialAction":[{"@type":"ReadAction","target":["https:\/\/giftbar.flowers\/uk\/faq\/"]}]},{"@type":"WebSite","@id":"https:\/\/giftbar.flowers\/#website","url":"https:\/\/giftbar.flowers\/","name":"Giftbar Flowers","description":"\u0434\u043e\u0441\u0442\u0430\u0432\u043a\u0430 \u043a\u0432\u0456\u0442\u0456\u0432, \u043a\u0443\u043b\u044c\u043e\u043a, \u043f\u043e\u0434\u0430\u0440\u0443\u043d\u043a\u0456\u0432.","alternateName":"Giftbar Flowers","potentialAction":[{"@type":"SearchAction","target":{"@type":"EntryPoint","urlTemplate":"https:\/\/giftbar.flowers\/?s={search_term_string}"},"query-input":{"@type":"PropertyValueSpecification","valueRequired":true,"valueName":"search_term_string"}}],"inLanguage":"Ua"},{"@type":"Question","@id":"https:\/\/giftbar.flowers\/uk\/faq\/#faq-question-1719308100334","position":1,"url":"https:\/\/giftbar.flowers\/uk\/faq\/#faq-question-1719308100334","name":"Jak mog\u0119 z\u0142o\u017cy\u0107 zam\u00f3wienie?","answerCount":1,"acceptedAnswer":{"@type":"Answer","text":"Zam\u00f3wienie mo\u017cna z\u0142o\u017cy\u0107 przez stron\u0119 internetow\u0105, e-mail, w sieciach spo\u0142eczno\u015bciowych lub skontaktowa\u0107 si\u0119 z naszym konsultantem telefonicznie.","inLanguage":"Ua"},"inLanguage":"Ua"},{"@type":"Question","@id":"https:\/\/giftbar.flowers\/uk\/faq\/#faq-question-1719308109083","position":2,"url":"https:\/\/giftbar.flowers\/uk\/faq\/#faq-question-1719308109083","name":"Jaki jest czas realizacji zam\u00f3wienia?","answerCount":1,"acceptedAnswer":{"@type":"Answer","text":"Czas realizacji 1-2 dni robocze, aby zam\u00f3wienie zosta\u0142o dostarczone w dniu sk\u0142adania zam\u00f3wienia nale\u017cy go z\u0142o\u017cy\u0107 do godziny 19:00.","inLanguage":"Ua"},"inLanguage":"Ua"},{"@type":"Question","@id":"https:\/\/giftbar.flowers\/uk\/faq\/#faq-question-1719310266102","position":3,"url":"https:\/\/giftbar.flowers\/uk\/faq\/#faq-question-1719310266102","name":"Jakie s\u0105 mo\u017cliwe metody p\u0142atno\u015bci?","answerCount":1,"acceptedAnswer":{"@type":"Answer","text":"Do wyboru s\u0105 nast\u0119puj\u0105ce metody p\u0142atno\u015bci:<br\/>-karta kredytowa<br\/>-p\u0142atno\u015b\u0107 online<br\/>-przelew bankowy<br\/>-Pay Pal<br\/>-Got\u00f3wk\u0105 przy odbiorze w sklepie","inLanguage":"Ua"},"inLanguage":"Ua"},{"@type":"Question","@id":"https:\/\/giftbar.flowers\/uk\/faq\/#faq-question-1719310286212","position":4,"url":"https:\/\/giftbar.flowers\/uk\/faq\/#faq-question-1719310286212","name":"Jak d\u0142ugo b\u0119d\u0105 unosi\u0107 si\u0119 balony?","answerCount":1,"acceptedAnswer":{"@type":"Answer","text":"Opr\u00f3cz helu wszystkie balony lateksowe wype\u0142niamy specjalnym \u017celem, kt\u00f3ry przed\u0142u\u017ca czas unoszenia si\u0119 balon\u00f3w do 3-4 dni.<br\/>Balony foliowe wykonane z nieprzepuszczaj\u0105cej mikofolii maj\u0105 inne w\u0142a\u015bciwo\u015bci \u2013 b\u0119d\u0105 unosi\u0107 si\u0119 znacznie d\u0142u\u017cej-zale\u017cnie od kszta\u0142tu (od tygodnia do miesi\u0105ca).<br\/>Niekt\u00f3re czynniki maj\u0105 negatywny wp\u0142yw na trwa\u0142o\u015b\u0107 balon\u00f3w i mog\u0105 skr\u00f3ci\u0107 czas ich unoszenia si\u0119.<br\/>To przede wszystkim:<br\/>-Klimatyzacja<br\/>-Przechowywanie balon\u00f3w przez d\u0142u\u017cszy okres czasu w zbyt niskiej lub wysokiej temperaturze<br\/>-Obijanie i \u015bciskanie balona<br\/>-Wystawienie na oddzia\u0142ywanie \u017ar\u00f3de\u0142 ciep\u0142a oraz promieni s\u0142onecznych.","inLanguage":"Ua"},"inLanguage":"Ua"},{"@type":"Question","@id":"https:\/\/giftbar.flowers\/uk\/faq\/#faq-question-1719310309407","position":5,"url":"https:\/\/giftbar.flowers\/uk\/faq\/#faq-question-1719310309407","name":"Czy do zam\u00f3wienia mo\u017cna do\u0142\u0105czy\u0107 bilecik?","answerCount":1,"acceptedAnswer":{"@type":"Answer","text":"Oczywi\u015bcie! Do ka\u017cdego zam\u00f3wienia dodajemy bilecik, na kt\u00f3rym mo\u017ce by\u0107 dowolny napis.","inLanguage":"Ua"},"inLanguage":"Ua"},{"@type":"Question","@id":"https:\/\/giftbar.flowers\/uk\/faq\/#faq-question-1719310321098","position":6,"url":"https:\/\/giftbar.flowers\/uk\/faq\/#faq-question-1719310321098","name":"Czy mo\u017cna stworzy\u0107 w\u0142asny bukiet lub zestaw balon\u00f3wy?","answerCount":1,"acceptedAnswer":{"@type":"Answer","text":"Tak, je\u015bli nie przypad\u0142 Ci do gustu \u017caden z naszych gotowych bukiet\u00f3w lub zestaw\u00f3w balonowych skontaktuj si\u0119 z nami i podaj szczeg\u00f3\u0142y Twojego zam\u00f3wienia.","inLanguage":"Ua"},"inLanguage":"Ua"},{"@type":"Question","@id":"https:\/\/giftbar.flowers\/uk\/faq\/#faq-question-1719310335809","position":7,"url":"https:\/\/giftbar.flowers\/uk\/faq\/#faq-question-1719310335809","name":"Jak piel\u0119gnowa\u0107 kwiaty?","answerCount":1,"acceptedAnswer":{"@type":"Answer","text":"Do ka\u017cdego bukietu do\u0142\u0105czamy kartk\u0119 z instrukcj\u0105 jak dba\u0107 o bukiet oraz kwiaty w pude\u0142ku<br\/>Najwa\u017cniejsze zasady, jak przed\u0142u\u017cy\u0107 \u015bwie\u017co\u015b\u0107 kwiat\u00f3w:<br\/>-Kwiaty nale\u017cy podlewa\u0107<br\/>-Podcina\u0107 ko\u0144c\u00f3wki<br\/>-Przechowywa\u0107 z dala od grzejnik\u00f3w i innych \u017ar\u00f3de\u0142 ciep\u0142a.","inLanguage":"Ua"},"inLanguage":"Ua"}]}},"_links":{"self":[{"href":"https:\/\/giftbar.flowers\/uk\/wp-json\/wp\/v2\/pages\/20828","targetHints":{"allow":["GET"]}}],"collection":[{"href":"https:\/\/giftbar.flowers\/uk\/wp-json\/wp\/v2\/pages"}],"about":[{"href":"https:\/\/giftbar.flowers\/uk\/wp-json\/wp\/v2\/types\/page"}],"author":[{"embeddable":true,"href":"https:\/\/giftbar.flowers\/uk\/wp-json\/wp\/v2\/users\/1"}],"replies":[{"embeddable":true,"href":"https:\/\/giftbar.flowers\/uk\/wp-json\/wp\/v2\/comments?post=20828"}],"version-history":[{"count":0,"href":"https:\/\/giftbar.flowers\/uk\/wp-json\/wp\/v2\/pages\/20828\/revisions"}],"wp:attachment":[{"href":"https:\/\/giftbar.flowers\/uk\/wp-json\/wp\/v2\/media?parent=20828"}],"curies":[{"name":"wp","href":"https:\/\/api.w.org\/{rel}","templated":true}]}}