{"id":41739,"date":"2026-04-03T18:31:15","date_gmt":"2026-04-03T16:31:15","guid":{"rendered":"https:\/\/giftbar.flowers\/product\/buket-kustovykh-roz-bubbles\/"},"modified":"2026-04-04T15:13:58","modified_gmt":"2026-04-04T13:13:58","slug":"buket-kustovykh-roz-bubbles","status":"publish","type":"product","link":"https:\/\/giftbar.flowers\/ru\/product\/buket-kustovykh-roz-bubbles\/","title":{"rendered":"\u0411\u0443\u043a\u0435\u0442 \u043a\u0443\u0441\u0442\u043e\u0432\u044b\u0445 \u0440\u043e\u0437 &#171;Bubbles&#187;"},"content":{"rendered":"<p>(\u041a\u0435\u043d\u0438\u044f)<\/p>\n","protected":false},"excerpt":{"rendered":"<p>(\u041a\u0435\u043d\u0438\u044f)<\/p>\n","protected":false},"featured_media":41725,"template":"","meta":[],"product_brand":[],"product_cat":[1243,988],"product_tag":[],"class_list":{"0":"post-41739","1":"product","2":"type-product","3":"status-publish","4":"has-post-thumbnail","6":"product_cat-calculation-ru","7":"product_cat-bukety-roz","9":"first","10":"instock","11":"shipping-taxable","12":"purchasable","13":"product-type-simple"},"yoast_head":"<!-- This site is optimized with the Yoast SEO plugin v25.7 - https:\/\/yoast.com\/wordpress\/plugins\/seo\/ -->\n<title>\u0411\u0443\u043a\u0435\u0442 \u043a\u0443\u0441\u0442\u043e\u0432\u044b\u0445 \u0440\u043e\u0437 &quot;Bubbles&quot; - Giftbar Flowers<\/title>\n<meta name=\"description\" content=\"\u0411\u0443\u043a\u0435\u0442 \u043a\u0443\u0441\u0442\u043e\u0432\u044b\u0445 \u0440\u043e\u0437 &quot;Bubbles&quot; - Giftbar Flowers\" \/>\n<meta name=\"robots\" content=\"index, follow, max-snippet:-1, max-image-preview:large, max-video-preview:-1\" \/>\n<meta property=\"og:type\" content=\"article\" \/>\n<meta property=\"og:title\" content=\"\u0411\u0443\u043a\u0435\u0442 \u043a\u0443\u0441\u0442\u043e\u0432\u044b\u0445 \u0440\u043e\u0437 &quot;Bubbles&quot; - Giftbar Flowers\" \/>\n<meta property=\"og:description\" content=\"\u0411\u0443\u043a\u0435\u0442 \u043a\u0443\u0441\u0442\u043e\u0432\u044b\u0445 \u0440\u043e\u0437 &quot;Bubbles&quot; - Giftbar Flowers\" \/>\n<meta property=\"og:url\" content=\"https:\/\/giftbar.flowers\/ru\/product\/buket-kustovykh-roz-bubbles\/\" \/>\n<meta property=\"og:site_name\" content=\"Giftbar Flowers\" \/>\n<meta property=\"article:modified_time\" content=\"2026-04-04T13:13:58+00:00\" \/>\n<meta property=\"og:image\" content=\"https:\/\/giftbar.flowers\/wp-content\/uploads\/2026\/04\/bukietgalazkowychrozbubbles_kwiaciarniawarszawa_kwiatywarszawa_dostawakwiatowwarszawa_rozewarszawa_piwoniewarszawa-scaled.jpg\" \/>\n\t<meta property=\"og:image:width\" content=\"1920\" \/>\n\t<meta property=\"og:image:height\" content=\"2560\" \/>\n\t<meta property=\"og:image:type\" content=\"image\/jpeg\" \/>\n<meta name=\"twitter:card\" content=\"summary_large_image\" \/>\n<script type=\"application\/ld+json\" class=\"yoast-schema-graph\">{\"@context\":\"https:\/\/schema.org\",\"@graph\":[{\"@type\":\"WebPage\",\"@id\":\"https:\/\/giftbar.flowers\/ru\/product\/buket-kustovykh-roz-bubbles\/\",\"url\":\"https:\/\/giftbar.flowers\/ru\/product\/buket-kustovykh-roz-bubbles\/\",\"name\":\"\u0411\u0443\u043a\u0435\u0442 \u043a\u0443\u0441\u0442\u043e\u0432\u044b\u0445 \u0440\u043e\u0437 \\\"Bubbles\\\" - Giftbar Flowers\",\"isPartOf\":{\"@id\":\"https:\/\/giftbar.flowers\/#website\"},\"primaryImageOfPage\":{\"@id\":\"https:\/\/giftbar.flowers\/ru\/product\/buket-kustovykh-roz-bubbles\/#primaryimage\"},\"image\":{\"@id\":\"https:\/\/giftbar.flowers\/ru\/product\/buket-kustovykh-roz-bubbles\/#primaryimage\"},\"thumbnailUrl\":\"https:\/\/giftbar.flowers\/wp-content\/uploads\/2026\/04\/bukietgalazkowychrozbubbles_kwiaciarniawarszawa_kwiatywarszawa_dostawakwiatowwarszawa_rozewarszawa_piwoniewarszawa-scaled.jpg\",\"datePublished\":\"2026-04-03T16:31:15+00:00\",\"dateModified\":\"2026-04-04T13:13:58+00:00\",\"description\":\"\u0411\u0443\u043a\u0435\u0442 \u043a\u0443\u0441\u0442\u043e\u0432\u044b\u0445 \u0440\u043e\u0437 \\\"Bubbles\\\" - Giftbar Flowers\",\"breadcrumb\":{\"@id\":\"https:\/\/giftbar.flowers\/ru\/product\/buket-kustovykh-roz-bubbles\/#breadcrumb\"},\"inLanguage\":\"ru-RU\",\"potentialAction\":[{\"@type\":\"ReadAction\",\"target\":[\"https:\/\/giftbar.flowers\/ru\/product\/buket-kustovykh-roz-bubbles\/\"]}]},{\"@type\":\"ImageObject\",\"inLanguage\":\"ru-RU\",\"@id\":\"https:\/\/giftbar.flowers\/ru\/product\/buket-kustovykh-roz-bubbles\/#primaryimage\",\"url\":\"https:\/\/giftbar.flowers\/wp-content\/uploads\/2026\/04\/bukietgalazkowychrozbubbles_kwiaciarniawarszawa_kwiatywarszawa_dostawakwiatowwarszawa_rozewarszawa_piwoniewarszawa-scaled.jpg\",\"contentUrl\":\"https:\/\/giftbar.flowers\/wp-content\/uploads\/2026\/04\/bukietgalazkowychrozbubbles_kwiaciarniawarszawa_kwiatywarszawa_dostawakwiatowwarszawa_rozewarszawa_piwoniewarszawa-scaled.jpg\",\"width\":1920,\"height\":2560,\"caption\":\"Kwiaty Warszawa, \u0426\u0432\u0435\u0442\u044b \u0412\u0430\u0440\u0448\u0430\u0432\u0430, \u041a\u0432\u0456\u0442\u0438 \u0412\u0430\u0440\u0448\u0430\u0432\u0430, Flowers in Warsaw, Dostawa kwiat\u00f3w Warszawa, \u0426\u0432\u0435\u0442\u044b \u0441 \u0434\u043e\u0441\u0442\u0430\u0432\u043a\u043e\u0439 \u0432 \u0412\u0430\u0440\u0448\u0430\u0432\u0435, \u0417\u0430\u043a\u0430\u0437\u0430\u0442\u044c \u0446\u0432\u0435\u0442\u044b \u0432 \u0412\u0430\u0440\u0448\u0430\u0432\u0435, Dostawa kwiat\u00f3w, Bukiet z dostaw\u0105 Warszawa, Bukiet zam\u00f3wi\u0107, Kwia\u0441iarnia Mokot\u00f3w, Kwiaty dla domu, Kwiaty \u015br\u00f3dmie\u015bcie, kwiaty, r\u00f3\u017ce, peony, piwonia, Bouquet in Warsaw, kwiaty dla domu, bukiet z piwonii, hortensja, bukiet z hortensji, kwiaty\"},{\"@type\":\"BreadcrumbList\",\"@id\":\"https:\/\/giftbar.flowers\/ru\/product\/buket-kustovykh-roz-bubbles\/#breadcrumb\",\"itemListElement\":[{\"@type\":\"ListItem\",\"position\":1,\"name\":\"Bukiet r\u00f3\u017c\",\"item\":\"https:\/\/giftbar.flowers\/kolekcje\/kwiaty\/bukiety-roz\/\"},{\"@type\":\"ListItem\",\"position\":2,\"name\":\"\u0411\u0443\u043a\u0435\u0442 \u043a\u0443\u0441\u0442\u043e\u0432\u044b\u0445 \u0440\u043e\u0437 &#8222;Bubbles&#8221;\"}]},{\"@type\":\"WebSite\",\"@id\":\"https:\/\/giftbar.flowers\/#website\",\"url\":\"https:\/\/giftbar.flowers\/\",\"name\":\"Giftbar Flowers\",\"description\":\"\u0434\u043e\u0441\u0442\u0430\u0432\u043a\u0430 \u0446\u0432\u0435\u0442\u043e\u0432, \u0448\u0430\u0440\u043e\u0432, \u043f\u043e\u0434\u0430\u0440\u043a\u043e\u0432.\",\"alternateName\":\"Giftbar Flowers\",\"potentialAction\":[{\"@type\":\"SearchAction\",\"target\":{\"@type\":\"EntryPoint\",\"urlTemplate\":\"https:\/\/giftbar.flowers\/?s={search_term_string}\"},\"query-input\":{\"@type\":\"PropertyValueSpecification\",\"valueRequired\":true,\"valueName\":\"search_term_string\"}}],\"inLanguage\":\"ru-RU\"}]}<\/script>\n<!-- \/ Yoast SEO plugin. -->","yoast_head_json":{"title":"\u0411\u0443\u043a\u0435\u0442 \u043a\u0443\u0441\u0442\u043e\u0432\u044b\u0445 \u0440\u043e\u0437 \"Bubbles\" - Giftbar Flowers","description":"\u0411\u0443\u043a\u0435\u0442 \u043a\u0443\u0441\u0442\u043e\u0432\u044b\u0445 \u0440\u043e\u0437 \"Bubbles\" - Giftbar Flowers","robots":{"index":"index","follow":"follow","max-snippet":"max-snippet:-1","max-image-preview":"max-image-preview:large","max-video-preview":"max-video-preview:-1"},"og_type":"article","og_title":"\u0411\u0443\u043a\u0435\u0442 \u043a\u0443\u0441\u0442\u043e\u0432\u044b\u0445 \u0440\u043e\u0437 \"Bubbles\" - Giftbar Flowers","og_description":"\u0411\u0443\u043a\u0435\u0442 \u043a\u0443\u0441\u0442\u043e\u0432\u044b\u0445 \u0440\u043e\u0437 \"Bubbles\" - Giftbar Flowers","og_url":"https:\/\/giftbar.flowers\/ru\/product\/buket-kustovykh-roz-bubbles\/","og_site_name":"Giftbar Flowers","article_modified_time":"2026-04-04T13:13:58+00:00","og_image":[{"width":1920,"height":2560,"url":"https:\/\/giftbar.flowers\/wp-content\/uploads\/2026\/04\/bukietgalazkowychrozbubbles_kwiaciarniawarszawa_kwiatywarszawa_dostawakwiatowwarszawa_rozewarszawa_piwoniewarszawa-scaled.jpg","type":"image\/jpeg"}],"twitter_card":"summary_large_image","schema":{"@context":"https:\/\/schema.org","@graph":[{"@type":"WebPage","@id":"https:\/\/giftbar.flowers\/ru\/product\/buket-kustovykh-roz-bubbles\/","url":"https:\/\/giftbar.flowers\/ru\/product\/buket-kustovykh-roz-bubbles\/","name":"\u0411\u0443\u043a\u0435\u0442 \u043a\u0443\u0441\u0442\u043e\u0432\u044b\u0445 \u0440\u043e\u0437 \"Bubbles\" - Giftbar Flowers","isPartOf":{"@id":"https:\/\/giftbar.flowers\/#website"},"primaryImageOfPage":{"@id":"https:\/\/giftbar.flowers\/ru\/product\/buket-kustovykh-roz-bubbles\/#primaryimage"},"image":{"@id":"https:\/\/giftbar.flowers\/ru\/product\/buket-kustovykh-roz-bubbles\/#primaryimage"},"thumbnailUrl":"https:\/\/giftbar.flowers\/wp-content\/uploads\/2026\/04\/bukietgalazkowychrozbubbles_kwiaciarniawarszawa_kwiatywarszawa_dostawakwiatowwarszawa_rozewarszawa_piwoniewarszawa-scaled.jpg","datePublished":"2026-04-03T16:31:15+00:00","dateModified":"2026-04-04T13:13:58+00:00","description":"\u0411\u0443\u043a\u0435\u0442 \u043a\u0443\u0441\u0442\u043e\u0432\u044b\u0445 \u0440\u043e\u0437 \"Bubbles\" - Giftbar Flowers","breadcrumb":{"@id":"https:\/\/giftbar.flowers\/ru\/product\/buket-kustovykh-roz-bubbles\/#breadcrumb"},"inLanguage":"ru-RU","potentialAction":[{"@type":"ReadAction","target":["https:\/\/giftbar.flowers\/ru\/product\/buket-kustovykh-roz-bubbles\/"]}]},{"@type":"ImageObject","inLanguage":"ru-RU","@id":"https:\/\/giftbar.flowers\/ru\/product\/buket-kustovykh-roz-bubbles\/#primaryimage","url":"https:\/\/giftbar.flowers\/wp-content\/uploads\/2026\/04\/bukietgalazkowychrozbubbles_kwiaciarniawarszawa_kwiatywarszawa_dostawakwiatowwarszawa_rozewarszawa_piwoniewarszawa-scaled.jpg","contentUrl":"https:\/\/giftbar.flowers\/wp-content\/uploads\/2026\/04\/bukietgalazkowychrozbubbles_kwiaciarniawarszawa_kwiatywarszawa_dostawakwiatowwarszawa_rozewarszawa_piwoniewarszawa-scaled.jpg","width":1920,"height":2560,"caption":"Kwiaty Warszawa, \u0426\u0432\u0435\u0442\u044b \u0412\u0430\u0440\u0448\u0430\u0432\u0430, \u041a\u0432\u0456\u0442\u0438 \u0412\u0430\u0440\u0448\u0430\u0432\u0430, Flowers in Warsaw, Dostawa kwiat\u00f3w Warszawa, \u0426\u0432\u0435\u0442\u044b \u0441 \u0434\u043e\u0441\u0442\u0430\u0432\u043a\u043e\u0439 \u0432 \u0412\u0430\u0440\u0448\u0430\u0432\u0435, \u0417\u0430\u043a\u0430\u0437\u0430\u0442\u044c \u0446\u0432\u0435\u0442\u044b \u0432 \u0412\u0430\u0440\u0448\u0430\u0432\u0435, Dostawa kwiat\u00f3w, Bukiet z dostaw\u0105 Warszawa, Bukiet zam\u00f3wi\u0107, Kwia\u0441iarnia Mokot\u00f3w, Kwiaty dla domu, Kwiaty \u015br\u00f3dmie\u015bcie, kwiaty, r\u00f3\u017ce, peony, piwonia, Bouquet in Warsaw, kwiaty dla domu, bukiet z piwonii, hortensja, bukiet z hortensji, kwiaty"},{"@type":"BreadcrumbList","@id":"https:\/\/giftbar.flowers\/ru\/product\/buket-kustovykh-roz-bubbles\/#breadcrumb","itemListElement":[{"@type":"ListItem","position":1,"name":"Bukiet r\u00f3\u017c","item":"https:\/\/giftbar.flowers\/kolekcje\/kwiaty\/bukiety-roz\/"},{"@type":"ListItem","position":2,"name":"\u0411\u0443\u043a\u0435\u0442 \u043a\u0443\u0441\u0442\u043e\u0432\u044b\u0445 \u0440\u043e\u0437 &#8222;Bubbles&#8221;"}]},{"@type":"WebSite","@id":"https:\/\/giftbar.flowers\/#website","url":"https:\/\/giftbar.flowers\/","name":"Giftbar Flowers","description":"\u0434\u043e\u0441\u0442\u0430\u0432\u043a\u0430 \u0446\u0432\u0435\u0442\u043e\u0432, \u0448\u0430\u0440\u043e\u0432, \u043f\u043e\u0434\u0430\u0440\u043a\u043e\u0432.","alternateName":"Giftbar Flowers","potentialAction":[{"@type":"SearchAction","target":{"@type":"EntryPoint","urlTemplate":"https:\/\/giftbar.flowers\/?s={search_term_string}"},"query-input":{"@type":"PropertyValueSpecification","valueRequired":true,"valueName":"search_term_string"}}],"inLanguage":"ru-RU"}]}},"_links":{"self":[{"href":"https:\/\/giftbar.flowers\/ru\/wp-json\/wp\/v2\/product\/41739","targetHints":{"allow":["GET"]}}],"collection":[{"href":"https:\/\/giftbar.flowers\/ru\/wp-json\/wp\/v2\/product"}],"about":[{"href":"https:\/\/giftbar.flowers\/ru\/wp-json\/wp\/v2\/types\/product"}],"wp:featuredmedia":[{"embeddable":true,"href":"https:\/\/giftbar.flowers\/ru\/wp-json\/wp\/v2\/media\/41725"}],"wp:attachment":[{"href":"https:\/\/giftbar.flowers\/ru\/wp-json\/wp\/v2\/media?parent=41739"}],"wp:term":[{"taxonomy":"product_brand","embeddable":true,"href":"https:\/\/giftbar.flowers\/ru\/wp-json\/wp\/v2\/product_brand?post=41739"},{"taxonomy":"product_cat","embeddable":true,"href":"https:\/\/giftbar.flowers\/ru\/wp-json\/wp\/v2\/product_cat?post=41739"},{"taxonomy":"product_tag","embeddable":true,"href":"https:\/\/giftbar.flowers\/ru\/wp-json\/wp\/v2\/product_tag?post=41739"}],"curies":[{"name":"wp","href":"https:\/\/api.w.org\/{rel}","templated":true}]}}