{"id":12025,"date":"2023-08-25T10:37:29","date_gmt":"2023-08-25T08:37:29","guid":{"rendered":"https:\/\/test.giftbar.pl\/product\/korzina-s-cvetami-kosmik\/"},"modified":"2024-08-15T12:03:51","modified_gmt":"2024-08-15T11:03:51","slug":"korzina-tsvetov-sosmic","status":"publish","type":"product","link":"https:\/\/giftbar.flowers\/ru\/product\/korzina-tsvetov-sosmic\/","title":{"rendered":"\u041a\u043e\u0440\u0437\u0438\u043d\u0430 \u0446\u0432\u0435\u0442\u043e\u0432 &#171;Cosmic&#187;"},"content":{"rendered":"<p>\u0413\u043e\u0440\u0442\u0435\u043d\u0437\u0438\u0438, \u0440\u043e\u0437\u044b, \u043a\u0443\u0441\u0442\u043e\u0432\u044b\u0435 \u0440\u043e\u0437\u044b, \u044d\u0443\u0441\u0442\u043e\u043c\u0430, \u0444\u0440\u0435\u0437\u0438\u044f, \u043f\u0438\u043e\u043d\u044b, \u0434\u0435\u043b\u044c\u0444\u0438\u043d\u0438\u0443\u043c, \u043e\u043a\u0441\u0438\u043f\u0435\u0442\u0430\u043b\u0443\u043c<\/p>\n","protected":false},"excerpt":{"rendered":"<p>\u0413\u043e\u0440\u0442\u0435\u043d\u0437\u0438\u0438, \u0440\u043e\u0437\u044b, \u043a\u0443\u0441\u0442\u043e\u0432\u044b\u0435 \u0440\u043e\u0437\u044b, \u044d\u0443\u0441\u0442\u043e\u043c\u0430, \u0444\u0440\u0435\u0437\u0438\u044f, \u043f\u0438\u043e\u043d\u044b, \u0434\u0435\u043b\u044c\u0444\u0438\u043d\u0438\u0443\u043c, \u043e\u043a\u0441\u0438\u043f\u0435\u0442\u0430\u043b\u0443\u043c<\/p>\n","protected":false},"featured_media":41426,"template":"","meta":[],"product_brand":[],"product_cat":[1188,1030],"product_tag":[],"class_list":{"0":"post-12025","1":"product","2":"type-product","3":"status-publish","4":"has-post-thumbnail","6":"product_cat-cvety","7":"product_cat-cvety-v-korzine","9":"first","10":"instock","11":"shipping-taxable","12":"purchasable","13":"product-type-variable"},"yoast_head":"<!-- This site is optimized with the Yoast SEO plugin v25.7 - https:\/\/yoast.com\/wordpress\/plugins\/seo\/ -->\n<title>\u041a\u043e\u0440\u0437\u0438\u043d\u0430 \u0446\u0432\u0435\u0442\u043e\u0432 &quot;Cosmic&quot; - Giftbar Flowers<\/title>\n<meta name=\"description\" content=\"\u041a\u043e\u0440\u0437\u0438\u043d\u0430 \u0446\u0432\u0435\u0442\u043e\u0432 &quot;Cosmic&quot; - Giftbar Flowers\" \/>\n<meta name=\"robots\" content=\"index, follow, max-snippet:-1, max-image-preview:large, max-video-preview:-1\" \/>\n<meta property=\"og:type\" content=\"article\" \/>\n<meta property=\"og:title\" content=\"\u041a\u043e\u0440\u0437\u0438\u043d\u0430 \u0446\u0432\u0435\u0442\u043e\u0432 &quot;Cosmic&quot; - Giftbar Flowers\" \/>\n<meta property=\"og:description\" content=\"\u041a\u043e\u0440\u0437\u0438\u043d\u0430 \u0446\u0432\u0435\u0442\u043e\u0432 &quot;Cosmic&quot; - Giftbar Flowers\" \/>\n<meta property=\"og:url\" content=\"https:\/\/giftbar.flowers\/ru\/product\/korzina-tsvetov-sosmic\/\" \/>\n<meta property=\"og:site_name\" content=\"Giftbar Flowers\" \/>\n<meta property=\"article:modified_time\" content=\"2024-08-15T11:03:51+00:00\" \/>\n<meta property=\"og:image\" content=\"https:\/\/giftbar.flowers\/wp-content\/uploads\/2023\/08\/koszkwiatowcosmic_kwiaciarniawarszawa_kwiatywarszawa_dostawakwiatowwarszawa_rozewarszawa_piwoniewarszawa-scaled.jpg\" \/>\n\t<meta property=\"og:image:width\" content=\"1920\" \/>\n\t<meta property=\"og:image:height\" content=\"2560\" \/>\n\t<meta property=\"og:image:type\" content=\"image\/jpeg\" \/>\n<meta name=\"twitter:card\" content=\"summary_large_image\" \/>\n<script type=\"application\/ld+json\" class=\"yoast-schema-graph\">{\"@context\":\"https:\/\/schema.org\",\"@graph\":[{\"@type\":\"WebPage\",\"@id\":\"https:\/\/giftbar.flowers\/ru\/product\/korzina-tsvetov-sosmic\/\",\"url\":\"https:\/\/giftbar.flowers\/ru\/product\/korzina-tsvetov-sosmic\/\",\"name\":\"\u041a\u043e\u0440\u0437\u0438\u043d\u0430 \u0446\u0432\u0435\u0442\u043e\u0432 \\\"Cosmic\\\" - Giftbar Flowers\",\"isPartOf\":{\"@id\":\"https:\/\/giftbar.flowers\/#website\"},\"primaryImageOfPage\":{\"@id\":\"https:\/\/giftbar.flowers\/ru\/product\/korzina-tsvetov-sosmic\/#primaryimage\"},\"image\":{\"@id\":\"https:\/\/giftbar.flowers\/ru\/product\/korzina-tsvetov-sosmic\/#primaryimage\"},\"thumbnailUrl\":\"https:\/\/giftbar.flowers\/wp-content\/uploads\/2023\/08\/koszkwiatowcosmic_kwiaciarniawarszawa_kwiatywarszawa_dostawakwiatowwarszawa_rozewarszawa_piwoniewarszawa-scaled.jpg\",\"datePublished\":\"2023-08-25T08:37:29+00:00\",\"dateModified\":\"2024-08-15T11:03:51+00:00\",\"description\":\"\u041a\u043e\u0440\u0437\u0438\u043d\u0430 \u0446\u0432\u0435\u0442\u043e\u0432 \\\"Cosmic\\\" - Giftbar Flowers\",\"breadcrumb\":{\"@id\":\"https:\/\/giftbar.flowers\/ru\/product\/korzina-tsvetov-sosmic\/#breadcrumb\"},\"inLanguage\":\"ru-RU\",\"potentialAction\":[{\"@type\":\"ReadAction\",\"target\":[\"https:\/\/giftbar.flowers\/ru\/product\/korzina-tsvetov-sosmic\/\"]}]},{\"@type\":\"ImageObject\",\"inLanguage\":\"ru-RU\",\"@id\":\"https:\/\/giftbar.flowers\/ru\/product\/korzina-tsvetov-sosmic\/#primaryimage\",\"url\":\"https:\/\/giftbar.flowers\/wp-content\/uploads\/2023\/08\/koszkwiatowcosmic_kwiaciarniawarszawa_kwiatywarszawa_dostawakwiatowwarszawa_rozewarszawa_piwoniewarszawa-scaled.jpg\",\"contentUrl\":\"https:\/\/giftbar.flowers\/wp-content\/uploads\/2023\/08\/koszkwiatowcosmic_kwiaciarniawarszawa_kwiatywarszawa_dostawakwiatowwarszawa_rozewarszawa_piwoniewarszawa-scaled.jpg\",\"width\":1920,\"height\":2560,\"caption\":\"Kwiaty Warszawa, \u0426\u0432\u0435\u0442\u044b \u0412\u0430\u0440\u0448\u0430\u0432\u0430, \u041a\u0432\u0456\u0442\u0438 \u0412\u0430\u0440\u0448\u0430\u0432\u0430, Flowers in Warsaw, Dostawa kwiat\u00f3w Warszawa, \u0426\u0432\u0435\u0442\u044b \u0441 \u0434\u043e\u0441\u0442\u0430\u0432\u043a\u043e\u0439 \u0432 \u0412\u0430\u0440\u0448\u0430\u0432\u0435, \u0417\u0430\u043a\u0430\u0437\u0430\u0442\u044c \u0446\u0432\u0435\u0442\u044b \u0432 \u0412\u0430\u0440\u0448\u0430\u0432\u0435, Dostawa kwiat\u00f3w, Bukiet z dostaw\u0105 Warszawa, Bukiet zam\u00f3wi\u0107, Kwia\u0441iarnia Mokot\u00f3w, Kwiaty dla domu, Kwiaty \u015br\u00f3dmie\u015bcie, kwiaty, r\u00f3\u017ce, peony, piwonia, Bouquet in Warsaw, kwiaty dla domu, bukiet z piwonii, hortensja, bukiet z hortensji, kwiaty\"},{\"@type\":\"BreadcrumbList\",\"@id\":\"https:\/\/giftbar.flowers\/ru\/product\/korzina-tsvetov-sosmic\/#breadcrumb\",\"itemListElement\":[{\"@type\":\"ListItem\",\"position\":1,\"name\":\"Kwiaty\",\"item\":\"https:\/\/giftbar.flowers\/kolekcje\/kwiaty\/\"},{\"@type\":\"ListItem\",\"position\":2,\"name\":\"Kwiaty w koszu\",\"item\":\"https:\/\/giftbar.flowers\/kolekcje\/kwiaty\/kwiaty-w-koszu-pl\/\"},{\"@type\":\"ListItem\",\"position\":3,\"name\":\"\u041a\u043e\u0440\u0437\u0438\u043d\u0430 \u0446\u0432\u0435\u0442\u043e\u0432 &#8220;Cosmic&#8221;\"}]},{\"@type\":\"WebSite\",\"@id\":\"https:\/\/giftbar.flowers\/#website\",\"url\":\"https:\/\/giftbar.flowers\/\",\"name\":\"Giftbar Flowers\",\"description\":\"\u0434\u043e\u0441\u0442\u0430\u0432\u043a\u0430 \u0446\u0432\u0435\u0442\u043e\u0432, \u0448\u0430\u0440\u043e\u0432, \u043f\u043e\u0434\u0430\u0440\u043a\u043e\u0432.\",\"alternateName\":\"Giftbar Flowers\",\"potentialAction\":[{\"@type\":\"SearchAction\",\"target\":{\"@type\":\"EntryPoint\",\"urlTemplate\":\"https:\/\/giftbar.flowers\/?s={search_term_string}\"},\"query-input\":{\"@type\":\"PropertyValueSpecification\",\"valueRequired\":true,\"valueName\":\"search_term_string\"}}],\"inLanguage\":\"ru-RU\"}]}<\/script>\n<!-- \/ Yoast SEO plugin. -->","yoast_head_json":{"title":"\u041a\u043e\u0440\u0437\u0438\u043d\u0430 \u0446\u0432\u0435\u0442\u043e\u0432 \"Cosmic\" - Giftbar Flowers","description":"\u041a\u043e\u0440\u0437\u0438\u043d\u0430 \u0446\u0432\u0435\u0442\u043e\u0432 \"Cosmic\" - Giftbar Flowers","robots":{"index":"index","follow":"follow","max-snippet":"max-snippet:-1","max-image-preview":"max-image-preview:large","max-video-preview":"max-video-preview:-1"},"og_type":"article","og_title":"\u041a\u043e\u0440\u0437\u0438\u043d\u0430 \u0446\u0432\u0435\u0442\u043e\u0432 \"Cosmic\" - Giftbar Flowers","og_description":"\u041a\u043e\u0440\u0437\u0438\u043d\u0430 \u0446\u0432\u0435\u0442\u043e\u0432 \"Cosmic\" - Giftbar Flowers","og_url":"https:\/\/giftbar.flowers\/ru\/product\/korzina-tsvetov-sosmic\/","og_site_name":"Giftbar Flowers","article_modified_time":"2024-08-15T11:03:51+00:00","og_image":[{"width":1920,"height":2560,"url":"https:\/\/giftbar.flowers\/wp-content\/uploads\/2023\/08\/koszkwiatowcosmic_kwiaciarniawarszawa_kwiatywarszawa_dostawakwiatowwarszawa_rozewarszawa_piwoniewarszawa-scaled.jpg","type":"image\/jpeg"}],"twitter_card":"summary_large_image","schema":{"@context":"https:\/\/schema.org","@graph":[{"@type":"WebPage","@id":"https:\/\/giftbar.flowers\/ru\/product\/korzina-tsvetov-sosmic\/","url":"https:\/\/giftbar.flowers\/ru\/product\/korzina-tsvetov-sosmic\/","name":"\u041a\u043e\u0440\u0437\u0438\u043d\u0430 \u0446\u0432\u0435\u0442\u043e\u0432 \"Cosmic\" - Giftbar Flowers","isPartOf":{"@id":"https:\/\/giftbar.flowers\/#website"},"primaryImageOfPage":{"@id":"https:\/\/giftbar.flowers\/ru\/product\/korzina-tsvetov-sosmic\/#primaryimage"},"image":{"@id":"https:\/\/giftbar.flowers\/ru\/product\/korzina-tsvetov-sosmic\/#primaryimage"},"thumbnailUrl":"https:\/\/giftbar.flowers\/wp-content\/uploads\/2023\/08\/koszkwiatowcosmic_kwiaciarniawarszawa_kwiatywarszawa_dostawakwiatowwarszawa_rozewarszawa_piwoniewarszawa-scaled.jpg","datePublished":"2023-08-25T08:37:29+00:00","dateModified":"2024-08-15T11:03:51+00:00","description":"\u041a\u043e\u0440\u0437\u0438\u043d\u0430 \u0446\u0432\u0435\u0442\u043e\u0432 \"Cosmic\" - Giftbar Flowers","breadcrumb":{"@id":"https:\/\/giftbar.flowers\/ru\/product\/korzina-tsvetov-sosmic\/#breadcrumb"},"inLanguage":"ru-RU","potentialAction":[{"@type":"ReadAction","target":["https:\/\/giftbar.flowers\/ru\/product\/korzina-tsvetov-sosmic\/"]}]},{"@type":"ImageObject","inLanguage":"ru-RU","@id":"https:\/\/giftbar.flowers\/ru\/product\/korzina-tsvetov-sosmic\/#primaryimage","url":"https:\/\/giftbar.flowers\/wp-content\/uploads\/2023\/08\/koszkwiatowcosmic_kwiaciarniawarszawa_kwiatywarszawa_dostawakwiatowwarszawa_rozewarszawa_piwoniewarszawa-scaled.jpg","contentUrl":"https:\/\/giftbar.flowers\/wp-content\/uploads\/2023\/08\/koszkwiatowcosmic_kwiaciarniawarszawa_kwiatywarszawa_dostawakwiatowwarszawa_rozewarszawa_piwoniewarszawa-scaled.jpg","width":1920,"height":2560,"caption":"Kwiaty Warszawa, \u0426\u0432\u0435\u0442\u044b \u0412\u0430\u0440\u0448\u0430\u0432\u0430, \u041a\u0432\u0456\u0442\u0438 \u0412\u0430\u0440\u0448\u0430\u0432\u0430, Flowers in Warsaw, Dostawa kwiat\u00f3w Warszawa, \u0426\u0432\u0435\u0442\u044b \u0441 \u0434\u043e\u0441\u0442\u0430\u0432\u043a\u043e\u0439 \u0432 \u0412\u0430\u0440\u0448\u0430\u0432\u0435, \u0417\u0430\u043a\u0430\u0437\u0430\u0442\u044c \u0446\u0432\u0435\u0442\u044b \u0432 \u0412\u0430\u0440\u0448\u0430\u0432\u0435, Dostawa kwiat\u00f3w, Bukiet z dostaw\u0105 Warszawa, Bukiet zam\u00f3wi\u0107, Kwia\u0441iarnia Mokot\u00f3w, Kwiaty dla domu, Kwiaty \u015br\u00f3dmie\u015bcie, kwiaty, r\u00f3\u017ce, peony, piwonia, Bouquet in Warsaw, kwiaty dla domu, bukiet z piwonii, hortensja, bukiet z hortensji, kwiaty"},{"@type":"BreadcrumbList","@id":"https:\/\/giftbar.flowers\/ru\/product\/korzina-tsvetov-sosmic\/#breadcrumb","itemListElement":[{"@type":"ListItem","position":1,"name":"Kwiaty","item":"https:\/\/giftbar.flowers\/kolekcje\/kwiaty\/"},{"@type":"ListItem","position":2,"name":"Kwiaty w koszu","item":"https:\/\/giftbar.flowers\/kolekcje\/kwiaty\/kwiaty-w-koszu-pl\/"},{"@type":"ListItem","position":3,"name":"\u041a\u043e\u0440\u0437\u0438\u043d\u0430 \u0446\u0432\u0435\u0442\u043e\u0432 &#8220;Cosmic&#8221;"}]},{"@type":"WebSite","@id":"https:\/\/giftbar.flowers\/#website","url":"https:\/\/giftbar.flowers\/","name":"Giftbar Flowers","description":"\u0434\u043e\u0441\u0442\u0430\u0432\u043a\u0430 \u0446\u0432\u0435\u0442\u043e\u0432, \u0448\u0430\u0440\u043e\u0432, \u043f\u043e\u0434\u0430\u0440\u043a\u043e\u0432.","alternateName":"Giftbar Flowers","potentialAction":[{"@type":"SearchAction","target":{"@type":"EntryPoint","urlTemplate":"https:\/\/giftbar.flowers\/?s={search_term_string}"},"query-input":{"@type":"PropertyValueSpecification","valueRequired":true,"valueName":"search_term_string"}}],"inLanguage":"ru-RU"}]}},"_links":{"self":[{"href":"https:\/\/giftbar.flowers\/ru\/wp-json\/wp\/v2\/product\/12025","targetHints":{"allow":["GET"]}}],"collection":[{"href":"https:\/\/giftbar.flowers\/ru\/wp-json\/wp\/v2\/product"}],"about":[{"href":"https:\/\/giftbar.flowers\/ru\/wp-json\/wp\/v2\/types\/product"}],"wp:featuredmedia":[{"embeddable":true,"href":"https:\/\/giftbar.flowers\/ru\/wp-json\/wp\/v2\/media\/41426"}],"wp:attachment":[{"href":"https:\/\/giftbar.flowers\/ru\/wp-json\/wp\/v2\/media?parent=12025"}],"wp:term":[{"taxonomy":"product_brand","embeddable":true,"href":"https:\/\/giftbar.flowers\/ru\/wp-json\/wp\/v2\/product_brand?post=12025"},{"taxonomy":"product_cat","embeddable":true,"href":"https:\/\/giftbar.flowers\/ru\/wp-json\/wp\/v2\/product_cat?post=12025"},{"taxonomy":"product_tag","embeddable":true,"href":"https:\/\/giftbar.flowers\/ru\/wp-json\/wp\/v2\/product_tag?post=12025"}],"curies":[{"name":"wp","href":"https:\/\/api.w.org\/{rel}","templated":true}]}}