{"id":41731,"date":"2026-04-03T18:31:15","date_gmt":"2026-04-03T16:31:15","guid":{"rendered":"https:\/\/giftbar.flowers\/product\/bouquet-of-spray-roses-bubbles\/"},"modified":"2026-04-03T18:31:15","modified_gmt":"2026-04-03T16:31:15","slug":"bouquet-of-spray-roses-bubbles","status":"publish","type":"product","link":"https:\/\/giftbar.flowers\/en\/product\/bouquet-of-spray-roses-bubbles\/","title":{"rendered":"Bouquet of spray roses Bubbles"},"content":{"rendered":"<p>(Kenya)<\/p>\n","protected":false},"excerpt":{"rendered":"<p>(Kenya)<\/p>\n","protected":false},"featured_media":41724,"template":"","meta":[],"product_brand":[],"product_cat":[1241,987],"product_tag":[],"class_list":{"0":"post-41731","1":"product","2":"type-product","3":"status-publish","4":"has-post-thumbnail","6":"product_cat-calculation-en","7":"product_cat-bouquets-of-roses","9":"first","10":"instock","11":"shipping-taxable","12":"purchasable","13":"product-type-simple"},"yoast_head":"<!-- This site is optimized with the Yoast SEO plugin v25.7 - https:\/\/yoast.com\/wordpress\/plugins\/seo\/ -->\n<title>Bouquet of spray roses Bubbles - Giftbar<\/title>\n<meta name=\"description\" content=\"Bouquet of spray roses Bubbles - Giftbar - Zam\u00f3w online 24\/7\" \/>\n<meta name=\"robots\" content=\"index, follow, max-snippet:-1, max-image-preview:large, max-video-preview:-1\" \/>\n<meta property=\"og:type\" content=\"article\" \/>\n<meta property=\"og:title\" content=\"Bouquet of spray roses Bubbles - Giftbar\" \/>\n<meta property=\"og:description\" content=\"Bouquet of spray roses Bubbles - Giftbar - Zam\u00f3w online 24\/7\" \/>\n<meta property=\"og:url\" content=\"https:\/\/giftbar.flowers\/en\/product\/bouquet-of-spray-roses-bubbles\/\" \/>\n<meta property=\"og:site_name\" content=\"Giftbar\" \/>\n<meta property=\"og:image\" content=\"https:\/\/giftbar.flowers\/wp-content\/uploads\/2026\/04\/bukietgalazkowychrozbubbles_kwiaciarniawarszawa_kwiatywarszawa_dostawakwiatowwarszawa_rozewarszawa_piwoniewarszawa-scaled.jpg\" \/>\n\t<meta property=\"og:image:width\" content=\"1920\" \/>\n\t<meta property=\"og:image:height\" content=\"2560\" \/>\n\t<meta property=\"og:image:type\" content=\"image\/jpeg\" \/>\n<meta name=\"twitter:card\" content=\"summary_large_image\" \/>\n<script type=\"application\/ld+json\" class=\"yoast-schema-graph\">{\"@context\":\"https:\/\/schema.org\",\"@graph\":[{\"@type\":\"WebPage\",\"@id\":\"https:\/\/giftbar.flowers\/en\/product\/bouquet-of-spray-roses-bubbles\/\",\"url\":\"https:\/\/giftbar.flowers\/en\/product\/bouquet-of-spray-roses-bubbles\/\",\"name\":\"Bouquet of spray roses Bubbles - Giftbar\",\"isPartOf\":{\"@id\":\"https:\/\/giftbar.flowers\/#website\"},\"primaryImageOfPage\":{\"@id\":\"https:\/\/giftbar.flowers\/en\/product\/bouquet-of-spray-roses-bubbles\/#primaryimage\"},\"image\":{\"@id\":\"https:\/\/giftbar.flowers\/en\/product\/bouquet-of-spray-roses-bubbles\/#primaryimage\"},\"thumbnailUrl\":\"https:\/\/giftbar.flowers\/wp-content\/uploads\/2026\/04\/bukietgalazkowychrozbubbles_kwiaciarniawarszawa_kwiatywarszawa_dostawakwiatowwarszawa_rozewarszawa_piwoniewarszawa-scaled.jpg\",\"datePublished\":\"2026-04-03T16:31:15+00:00\",\"description\":\"Bouquet of spray roses Bubbles - Giftbar - Zam\u00f3w online 24\/7\",\"inLanguage\":\"en-GB\",\"potentialAction\":[{\"@type\":\"ReadAction\",\"target\":[\"https:\/\/giftbar.flowers\/en\/product\/bouquet-of-spray-roses-bubbles\/\"]}]},{\"@type\":\"ImageObject\",\"inLanguage\":\"en-GB\",\"@id\":\"https:\/\/giftbar.flowers\/en\/product\/bouquet-of-spray-roses-bubbles\/#primaryimage\",\"url\":\"https:\/\/giftbar.flowers\/wp-content\/uploads\/2026\/04\/bukietgalazkowychrozbubbles_kwiaciarniawarszawa_kwiatywarszawa_dostawakwiatowwarszawa_rozewarszawa_piwoniewarszawa-scaled.jpg\",\"contentUrl\":\"https:\/\/giftbar.flowers\/wp-content\/uploads\/2026\/04\/bukietgalazkowychrozbubbles_kwiaciarniawarszawa_kwiatywarszawa_dostawakwiatowwarszawa_rozewarszawa_piwoniewarszawa-scaled.jpg\",\"width\":1920,\"height\":2560,\"caption\":\"Kwiaty Warszawa, \u0426\u0432\u0435\u0442\u044b \u0412\u0430\u0440\u0448\u0430\u0432\u0430, \u041a\u0432\u0456\u0442\u0438 \u0412\u0430\u0440\u0448\u0430\u0432\u0430, Flowers in Warsaw, Dostawa kwiat\u00f3w Warszawa, \u0426\u0432\u0435\u0442\u044b \u0441 \u0434\u043e\u0441\u0442\u0430\u0432\u043a\u043e\u0439 \u0432 \u0412\u0430\u0440\u0448\u0430\u0432\u0435, \u0417\u0430\u043a\u0430\u0437\u0430\u0442\u044c \u0446\u0432\u0435\u0442\u044b \u0432 \u0412\u0430\u0440\u0448\u0430\u0432\u0435, Dostawa kwiat\u00f3w, Bukiet z dostaw\u0105 Warszawa, Bukiet zam\u00f3wi\u0107, Kwia\u0441iarnia Mokot\u00f3w, Kwiaty dla domu, Kwiaty \u015br\u00f3dmie\u015bcie, kwiaty, r\u00f3\u017ce, peony, piwonia, Bouquet in Warsaw, kwiaty dla domu, bukiet z piwonii, hortensja, bukiet z hortensji, kwiaty\"},{\"@type\":\"WebSite\",\"@id\":\"https:\/\/giftbar.flowers\/#website\",\"url\":\"https:\/\/giftbar.flowers\/\",\"name\":\"Giftbar Flowers\",\"description\":\"\u0434\u043e\u0441\u0442\u0430\u0432\u043a\u0430 \u043a\u0432\u0456\u0442\u0456\u0432, \u043a\u0443\u043b\u044c\u043e\u043a, \u043f\u043e\u0434\u0430\u0440\u0443\u043d\u043a\u0456\u0432.\",\"alternateName\":\"Giftbar Flowers\",\"potentialAction\":[{\"@type\":\"SearchAction\",\"target\":{\"@type\":\"EntryPoint\",\"urlTemplate\":\"https:\/\/giftbar.flowers\/?s={search_term_string}\"},\"query-input\":{\"@type\":\"PropertyValueSpecification\",\"valueRequired\":true,\"valueName\":\"search_term_string\"}}],\"inLanguage\":\"en-GB\"}]}<\/script>\n<!-- \/ Yoast SEO plugin. -->","yoast_head_json":{"title":"Bouquet of spray roses Bubbles - Giftbar","description":"Bouquet of spray roses Bubbles - Giftbar - Zam\u00f3w online 24\/7","robots":{"index":"index","follow":"follow","max-snippet":"max-snippet:-1","max-image-preview":"max-image-preview:large","max-video-preview":"max-video-preview:-1"},"og_type":"article","og_title":"Bouquet of spray roses Bubbles - Giftbar","og_description":"Bouquet of spray roses Bubbles - Giftbar - Zam\u00f3w online 24\/7","og_url":"https:\/\/giftbar.flowers\/en\/product\/bouquet-of-spray-roses-bubbles\/","og_site_name":"Giftbar","og_image":[{"width":1920,"height":2560,"url":"https:\/\/giftbar.flowers\/wp-content\/uploads\/2026\/04\/bukietgalazkowychrozbubbles_kwiaciarniawarszawa_kwiatywarszawa_dostawakwiatowwarszawa_rozewarszawa_piwoniewarszawa-scaled.jpg","type":"image\/jpeg"}],"twitter_card":"summary_large_image","schema":{"@context":"https:\/\/schema.org","@graph":[{"@type":"WebPage","@id":"https:\/\/giftbar.flowers\/en\/product\/bouquet-of-spray-roses-bubbles\/","url":"https:\/\/giftbar.flowers\/en\/product\/bouquet-of-spray-roses-bubbles\/","name":"Bouquet of spray roses Bubbles - Giftbar","isPartOf":{"@id":"https:\/\/giftbar.flowers\/#website"},"primaryImageOfPage":{"@id":"https:\/\/giftbar.flowers\/en\/product\/bouquet-of-spray-roses-bubbles\/#primaryimage"},"image":{"@id":"https:\/\/giftbar.flowers\/en\/product\/bouquet-of-spray-roses-bubbles\/#primaryimage"},"thumbnailUrl":"https:\/\/giftbar.flowers\/wp-content\/uploads\/2026\/04\/bukietgalazkowychrozbubbles_kwiaciarniawarszawa_kwiatywarszawa_dostawakwiatowwarszawa_rozewarszawa_piwoniewarszawa-scaled.jpg","datePublished":"2026-04-03T16:31:15+00:00","description":"Bouquet of spray roses Bubbles - Giftbar - Zam\u00f3w online 24\/7","inLanguage":"en-GB","potentialAction":[{"@type":"ReadAction","target":["https:\/\/giftbar.flowers\/en\/product\/bouquet-of-spray-roses-bubbles\/"]}]},{"@type":"ImageObject","inLanguage":"en-GB","@id":"https:\/\/giftbar.flowers\/en\/product\/bouquet-of-spray-roses-bubbles\/#primaryimage","url":"https:\/\/giftbar.flowers\/wp-content\/uploads\/2026\/04\/bukietgalazkowychrozbubbles_kwiaciarniawarszawa_kwiatywarszawa_dostawakwiatowwarszawa_rozewarszawa_piwoniewarszawa-scaled.jpg","contentUrl":"https:\/\/giftbar.flowers\/wp-content\/uploads\/2026\/04\/bukietgalazkowychrozbubbles_kwiaciarniawarszawa_kwiatywarszawa_dostawakwiatowwarszawa_rozewarszawa_piwoniewarszawa-scaled.jpg","width":1920,"height":2560,"caption":"Kwiaty Warszawa, \u0426\u0432\u0435\u0442\u044b \u0412\u0430\u0440\u0448\u0430\u0432\u0430, \u041a\u0432\u0456\u0442\u0438 \u0412\u0430\u0440\u0448\u0430\u0432\u0430, Flowers in Warsaw, Dostawa kwiat\u00f3w Warszawa, \u0426\u0432\u0435\u0442\u044b \u0441 \u0434\u043e\u0441\u0442\u0430\u0432\u043a\u043e\u0439 \u0432 \u0412\u0430\u0440\u0448\u0430\u0432\u0435, \u0417\u0430\u043a\u0430\u0437\u0430\u0442\u044c \u0446\u0432\u0435\u0442\u044b \u0432 \u0412\u0430\u0440\u0448\u0430\u0432\u0435, Dostawa kwiat\u00f3w, Bukiet z dostaw\u0105 Warszawa, Bukiet zam\u00f3wi\u0107, Kwia\u0441iarnia Mokot\u00f3w, Kwiaty dla domu, Kwiaty \u015br\u00f3dmie\u015bcie, kwiaty, r\u00f3\u017ce, peony, piwonia, Bouquet in Warsaw, kwiaty dla domu, bukiet z piwonii, hortensja, bukiet z hortensji, kwiaty"},{"@type":"WebSite","@id":"https:\/\/giftbar.flowers\/#website","url":"https:\/\/giftbar.flowers\/","name":"Giftbar Flowers","description":"\u0434\u043e\u0441\u0442\u0430\u0432\u043a\u0430 \u043a\u0432\u0456\u0442\u0456\u0432, \u043a\u0443\u043b\u044c\u043e\u043a, \u043f\u043e\u0434\u0430\u0440\u0443\u043d\u043a\u0456\u0432.","alternateName":"Giftbar Flowers","potentialAction":[{"@type":"SearchAction","target":{"@type":"EntryPoint","urlTemplate":"https:\/\/giftbar.flowers\/?s={search_term_string}"},"query-input":{"@type":"PropertyValueSpecification","valueRequired":true,"valueName":"search_term_string"}}],"inLanguage":"en-GB"}]}},"_links":{"self":[{"href":"https:\/\/giftbar.flowers\/en\/wp-json\/wp\/v2\/product\/41731","targetHints":{"allow":["GET"]}}],"collection":[{"href":"https:\/\/giftbar.flowers\/en\/wp-json\/wp\/v2\/product"}],"about":[{"href":"https:\/\/giftbar.flowers\/en\/wp-json\/wp\/v2\/types\/product"}],"wp:featuredmedia":[{"embeddable":true,"href":"https:\/\/giftbar.flowers\/en\/wp-json\/wp\/v2\/media\/41724"}],"wp:attachment":[{"href":"https:\/\/giftbar.flowers\/en\/wp-json\/wp\/v2\/media?parent=41731"}],"wp:term":[{"taxonomy":"product_brand","embeddable":true,"href":"https:\/\/giftbar.flowers\/en\/wp-json\/wp\/v2\/product_brand?post=41731"},{"taxonomy":"product_cat","embeddable":true,"href":"https:\/\/giftbar.flowers\/en\/wp-json\/wp\/v2\/product_cat?post=41731"},{"taxonomy":"product_tag","embeddable":true,"href":"https:\/\/giftbar.flowers\/en\/wp-json\/wp\/v2\/product_tag?post=41731"}],"curies":[{"name":"wp","href":"https:\/\/api.w.org\/{rel}","templated":true}]}}