{"id":41019,"date":"2026-03-05T20:37:59","date_gmt":"2026-03-05T19:37:59","guid":{"rendered":"https:\/\/giftbar.flowers\/product\/flower-basket-bush-suede\/"},"modified":"2026-03-05T20:51:09","modified_gmt":"2026-03-05T19:51:09","slug":"flower-basket-bush-suede","status":"publish","type":"product","link":"https:\/\/giftbar.flowers\/en\/product\/flower-basket-bush-suede\/","title":{"rendered":"Flower basket &#8220;Bush Suede&#8221;"},"content":{"rendered":"<p>Hydrangeas, roses, ranunculus, viburnum, nerine, mathiola<\/p>\n","protected":false},"excerpt":{"rendered":"<p>Hydrangeas, roses, ranunculus, viburnum, nerine, mathiola<\/p>\n","protected":false},"featured_media":41008,"template":"","meta":[],"product_brand":[],"product_cat":[1368,1026,1045],"product_tag":[],"class_list":{"0":"post-41019","1":"product","2":"type-product","3":"status-publish","4":"has-post-thumbnail","6":"product_cat-womens-day-flowers","7":"product_cat-flower-baskets","8":"product_cat-queen-size-en","10":"first","11":"instock","12":"shipping-taxable","13":"purchasable","14":"product-type-variable"},"yoast_head":"<!-- This site is optimized with the Yoast SEO plugin v25.7 - https:\/\/yoast.com\/wordpress\/plugins\/seo\/ -->\n<title>Flower basket &quot;Bush Suede&quot; - Giftbar<\/title>\n<meta name=\"description\" content=\"Flower basket &quot;Bush Suede&quot; - Giftbar - Zam\u00f3w online 24\/7\" \/>\n<meta name=\"robots\" content=\"index, follow, max-snippet:-1, max-image-preview:large, max-video-preview:-1\" \/>\n<meta property=\"og:type\" content=\"article\" \/>\n<meta property=\"og:title\" content=\"Flower basket &quot;Bush Suede&quot; - Giftbar\" \/>\n<meta property=\"og:description\" content=\"Flower basket &quot;Bush Suede&quot; - Giftbar - Zam\u00f3w online 24\/7\" \/>\n<meta property=\"og:url\" content=\"https:\/\/giftbar.flowers\/en\/product\/flower-basket-bush-suede\/\" \/>\n<meta property=\"og:site_name\" content=\"Giftbar\" \/>\n<meta property=\"article:modified_time\" content=\"2026-03-05T19:51:09+00:00\" \/>\n<meta property=\"og:image\" content=\"https:\/\/giftbar.flowers\/wp-content\/uploads\/2026\/03\/koszkwiatowblushsuede_kwiaciarniawarszawa_kwiatywarszawa_dostawakwiatowwarszawa_rozewarszawa_piwoniewarszawa-scaled.jpg\" \/>\n\t<meta property=\"og:image:width\" content=\"1920\" \/>\n\t<meta property=\"og:image:height\" content=\"2560\" \/>\n\t<meta property=\"og:image:type\" content=\"image\/jpeg\" \/>\n<meta name=\"twitter:card\" content=\"summary_large_image\" \/>\n<meta name=\"twitter:label1\" content=\"Estimated reading time\" \/>\n\t<meta name=\"twitter:data1\" content=\"1 minute\" \/>\n<script type=\"application\/ld+json\" class=\"yoast-schema-graph\">{\"@context\":\"https:\/\/schema.org\",\"@graph\":[{\"@type\":\"WebPage\",\"@id\":\"https:\/\/giftbar.flowers\/en\/product\/flower-basket-bush-suede\/\",\"url\":\"https:\/\/giftbar.flowers\/en\/product\/flower-basket-bush-suede\/\",\"name\":\"Flower basket \\\"Bush Suede\\\" - Giftbar\",\"isPartOf\":{\"@id\":\"https:\/\/giftbar.flowers\/#website\"},\"primaryImageOfPage\":{\"@id\":\"https:\/\/giftbar.flowers\/en\/product\/flower-basket-bush-suede\/#primaryimage\"},\"image\":{\"@id\":\"https:\/\/giftbar.flowers\/en\/product\/flower-basket-bush-suede\/#primaryimage\"},\"thumbnailUrl\":\"https:\/\/giftbar.flowers\/wp-content\/uploads\/2026\/03\/koszkwiatowblushsuede_kwiaciarniawarszawa_kwiatywarszawa_dostawakwiatowwarszawa_rozewarszawa_piwoniewarszawa-scaled.jpg\",\"datePublished\":\"2026-03-05T19:37:59+00:00\",\"dateModified\":\"2026-03-05T19:51:09+00:00\",\"description\":\"Flower basket \\\"Bush Suede\\\" - Giftbar - Zam\u00f3w online 24\/7\",\"breadcrumb\":{\"@id\":\"https:\/\/giftbar.flowers\/en\/product\/flower-basket-bush-suede\/#breadcrumb\"},\"inLanguage\":\"en-GB\",\"potentialAction\":[{\"@type\":\"ReadAction\",\"target\":[\"https:\/\/giftbar.flowers\/en\/product\/flower-basket-bush-suede\/\"]}]},{\"@type\":\"ImageObject\",\"inLanguage\":\"en-GB\",\"@id\":\"https:\/\/giftbar.flowers\/en\/product\/flower-basket-bush-suede\/#primaryimage\",\"url\":\"https:\/\/giftbar.flowers\/wp-content\/uploads\/2026\/03\/koszkwiatowblushsuede_kwiaciarniawarszawa_kwiatywarszawa_dostawakwiatowwarszawa_rozewarszawa_piwoniewarszawa-scaled.jpg\",\"contentUrl\":\"https:\/\/giftbar.flowers\/wp-content\/uploads\/2026\/03\/koszkwiatowblushsuede_kwiaciarniawarszawa_kwiatywarszawa_dostawakwiatowwarszawa_rozewarszawa_piwoniewarszawa-scaled.jpg\",\"width\":1920,\"height\":2560,\"caption\":\"Kwiaty Warszawa, \u0426\u0432\u0435\u0442\u044b \u0412\u0430\u0440\u0448\u0430\u0432\u0430, \u041a\u0432\u0456\u0442\u0438 \u0412\u0430\u0440\u0448\u0430\u0432\u0430, Flowers in Warsaw, Dostawa kwiat\u00f3w Warszawa, \u0426\u0432\u0435\u0442\u044b \u0441 \u0434\u043e\u0441\u0442\u0430\u0432\u043a\u043e\u0439 \u0432 \u0412\u0430\u0440\u0448\u0430\u0432\u0435, \u0417\u0430\u043a\u0430\u0437\u0430\u0442\u044c \u0446\u0432\u0435\u0442\u044b \u0432 \u0412\u0430\u0440\u0448\u0430\u0432\u0435, Dostawa kwiat\u00f3w, Bukiet z dostaw\u0105 Warszawa, Bukiet zam\u00f3wi\u0107, Kwia\u0441iarnia Mokot\u00f3w, Kwiaty dla domu, Kwiaty \u015br\u00f3dmie\u015bcie, kwiaty, r\u00f3\u017ce, peony, piwonia, Bouquet in Warsaw, kwiaty dla domu, bukiet z piwonii, hortensja, bukiet z hortensji, kwiaty\"},{\"@type\":\"BreadcrumbList\",\"@id\":\"https:\/\/giftbar.flowers\/en\/product\/flower-basket-bush-suede\/#breadcrumb\",\"itemListElement\":[{\"@type\":\"ListItem\",\"position\":1,\"name\":\"Kwiaty\",\"item\":\"https:\/\/giftbar.flowers\/kolekcje\/kwiaty\/\"},{\"@type\":\"ListItem\",\"position\":2,\"name\":\"Kwiaty w koszu\",\"item\":\"https:\/\/giftbar.flowers\/kolekcje\/kwiaty\/kwiaty-w-koszu-pl\/\"},{\"@type\":\"ListItem\",\"position\":3,\"name\":\"Flower basket &#8220;Bush Suede&#8221;\"}]},{\"@type\":\"WebSite\",\"@id\":\"https:\/\/giftbar.flowers\/#website\",\"url\":\"https:\/\/giftbar.flowers\/\",\"name\":\"Giftbar Flowers\",\"description\":\"\u0434\u043e\u0441\u0442\u0430\u0432\u043a\u0430 \u043a\u0432\u0456\u0442\u0456\u0432, \u043a\u0443\u043b\u044c\u043e\u043a, \u043f\u043e\u0434\u0430\u0440\u0443\u043d\u043a\u0456\u0432.\",\"alternateName\":\"Giftbar Flowers\",\"potentialAction\":[{\"@type\":\"SearchAction\",\"target\":{\"@type\":\"EntryPoint\",\"urlTemplate\":\"https:\/\/giftbar.flowers\/?s={search_term_string}\"},\"query-input\":{\"@type\":\"PropertyValueSpecification\",\"valueRequired\":true,\"valueName\":\"search_term_string\"}}],\"inLanguage\":\"en-GB\"}]}<\/script>\n<!-- \/ Yoast SEO plugin. -->","yoast_head_json":{"title":"Flower basket \"Bush Suede\" - Giftbar","description":"Flower basket \"Bush Suede\" - Giftbar - Zam\u00f3w online 24\/7","robots":{"index":"index","follow":"follow","max-snippet":"max-snippet:-1","max-image-preview":"max-image-preview:large","max-video-preview":"max-video-preview:-1"},"og_type":"article","og_title":"Flower basket \"Bush Suede\" - Giftbar","og_description":"Flower basket \"Bush Suede\" - Giftbar - Zam\u00f3w online 24\/7","og_url":"https:\/\/giftbar.flowers\/en\/product\/flower-basket-bush-suede\/","og_site_name":"Giftbar","article_modified_time":"2026-03-05T19:51:09+00:00","og_image":[{"width":1920,"height":2560,"url":"https:\/\/giftbar.flowers\/wp-content\/uploads\/2026\/03\/koszkwiatowblushsuede_kwiaciarniawarszawa_kwiatywarszawa_dostawakwiatowwarszawa_rozewarszawa_piwoniewarszawa-scaled.jpg","type":"image\/jpeg"}],"twitter_card":"summary_large_image","twitter_misc":{"Estimated reading time":"1 minute"},"schema":{"@context":"https:\/\/schema.org","@graph":[{"@type":"WebPage","@id":"https:\/\/giftbar.flowers\/en\/product\/flower-basket-bush-suede\/","url":"https:\/\/giftbar.flowers\/en\/product\/flower-basket-bush-suede\/","name":"Flower basket \"Bush Suede\" - Giftbar","isPartOf":{"@id":"https:\/\/giftbar.flowers\/#website"},"primaryImageOfPage":{"@id":"https:\/\/giftbar.flowers\/en\/product\/flower-basket-bush-suede\/#primaryimage"},"image":{"@id":"https:\/\/giftbar.flowers\/en\/product\/flower-basket-bush-suede\/#primaryimage"},"thumbnailUrl":"https:\/\/giftbar.flowers\/wp-content\/uploads\/2026\/03\/koszkwiatowblushsuede_kwiaciarniawarszawa_kwiatywarszawa_dostawakwiatowwarszawa_rozewarszawa_piwoniewarszawa-scaled.jpg","datePublished":"2026-03-05T19:37:59+00:00","dateModified":"2026-03-05T19:51:09+00:00","description":"Flower basket \"Bush Suede\" - Giftbar - Zam\u00f3w online 24\/7","breadcrumb":{"@id":"https:\/\/giftbar.flowers\/en\/product\/flower-basket-bush-suede\/#breadcrumb"},"inLanguage":"en-GB","potentialAction":[{"@type":"ReadAction","target":["https:\/\/giftbar.flowers\/en\/product\/flower-basket-bush-suede\/"]}]},{"@type":"ImageObject","inLanguage":"en-GB","@id":"https:\/\/giftbar.flowers\/en\/product\/flower-basket-bush-suede\/#primaryimage","url":"https:\/\/giftbar.flowers\/wp-content\/uploads\/2026\/03\/koszkwiatowblushsuede_kwiaciarniawarszawa_kwiatywarszawa_dostawakwiatowwarszawa_rozewarszawa_piwoniewarszawa-scaled.jpg","contentUrl":"https:\/\/giftbar.flowers\/wp-content\/uploads\/2026\/03\/koszkwiatowblushsuede_kwiaciarniawarszawa_kwiatywarszawa_dostawakwiatowwarszawa_rozewarszawa_piwoniewarszawa-scaled.jpg","width":1920,"height":2560,"caption":"Kwiaty Warszawa, \u0426\u0432\u0435\u0442\u044b \u0412\u0430\u0440\u0448\u0430\u0432\u0430, \u041a\u0432\u0456\u0442\u0438 \u0412\u0430\u0440\u0448\u0430\u0432\u0430, Flowers in Warsaw, Dostawa kwiat\u00f3w Warszawa, \u0426\u0432\u0435\u0442\u044b \u0441 \u0434\u043e\u0441\u0442\u0430\u0432\u043a\u043e\u0439 \u0432 \u0412\u0430\u0440\u0448\u0430\u0432\u0435, \u0417\u0430\u043a\u0430\u0437\u0430\u0442\u044c \u0446\u0432\u0435\u0442\u044b \u0432 \u0412\u0430\u0440\u0448\u0430\u0432\u0435, Dostawa kwiat\u00f3w, Bukiet z dostaw\u0105 Warszawa, Bukiet zam\u00f3wi\u0107, Kwia\u0441iarnia Mokot\u00f3w, Kwiaty dla domu, Kwiaty \u015br\u00f3dmie\u015bcie, kwiaty, r\u00f3\u017ce, peony, piwonia, Bouquet in Warsaw, kwiaty dla domu, bukiet z piwonii, hortensja, bukiet z hortensji, kwiaty"},{"@type":"BreadcrumbList","@id":"https:\/\/giftbar.flowers\/en\/product\/flower-basket-bush-suede\/#breadcrumb","itemListElement":[{"@type":"ListItem","position":1,"name":"Kwiaty","item":"https:\/\/giftbar.flowers\/kolekcje\/kwiaty\/"},{"@type":"ListItem","position":2,"name":"Kwiaty w koszu","item":"https:\/\/giftbar.flowers\/kolekcje\/kwiaty\/kwiaty-w-koszu-pl\/"},{"@type":"ListItem","position":3,"name":"Flower basket &#8220;Bush Suede&#8221;"}]},{"@type":"WebSite","@id":"https:\/\/giftbar.flowers\/#website","url":"https:\/\/giftbar.flowers\/","name":"Giftbar Flowers","description":"\u0434\u043e\u0441\u0442\u0430\u0432\u043a\u0430 \u043a\u0432\u0456\u0442\u0456\u0432, \u043a\u0443\u043b\u044c\u043e\u043a, \u043f\u043e\u0434\u0430\u0440\u0443\u043d\u043a\u0456\u0432.","alternateName":"Giftbar Flowers","potentialAction":[{"@type":"SearchAction","target":{"@type":"EntryPoint","urlTemplate":"https:\/\/giftbar.flowers\/?s={search_term_string}"},"query-input":{"@type":"PropertyValueSpecification","valueRequired":true,"valueName":"search_term_string"}}],"inLanguage":"en-GB"}]}},"_links":{"self":[{"href":"https:\/\/giftbar.flowers\/en\/wp-json\/wp\/v2\/product\/41019","targetHints":{"allow":["GET"]}}],"collection":[{"href":"https:\/\/giftbar.flowers\/en\/wp-json\/wp\/v2\/product"}],"about":[{"href":"https:\/\/giftbar.flowers\/en\/wp-json\/wp\/v2\/types\/product"}],"wp:featuredmedia":[{"embeddable":true,"href":"https:\/\/giftbar.flowers\/en\/wp-json\/wp\/v2\/media\/41008"}],"wp:attachment":[{"href":"https:\/\/giftbar.flowers\/en\/wp-json\/wp\/v2\/media?parent=41019"}],"wp:term":[{"taxonomy":"product_brand","embeddable":true,"href":"https:\/\/giftbar.flowers\/en\/wp-json\/wp\/v2\/product_brand?post=41019"},{"taxonomy":"product_cat","embeddable":true,"href":"https:\/\/giftbar.flowers\/en\/wp-json\/wp\/v2\/product_cat?post=41019"},{"taxonomy":"product_tag","embeddable":true,"href":"https:\/\/giftbar.flowers\/en\/wp-json\/wp\/v2\/product_tag?post=41019"}],"curies":[{"name":"wp","href":"https:\/\/api.w.org\/{rel}","templated":true}]}}