{"id":20818,"date":"2024-06-25T10:35:28","date_gmt":"2024-06-25T09:35:28","guid":{"rendered":"https:\/\/giftbar.flowers\/faq\/"},"modified":"2024-08-24T11:51:53","modified_gmt":"2024-08-24T10:51:53","slug":"faq","status":"publish","type":"page","link":"https:\/\/giftbar.flowers\/en\/faq\/","title":{"rendered":"FAQ"},"content":{"rendered":"<div class=\"schema-faq wp-block-yoast-faq-block\"><div class=\"schema-faq-section\" id=\"faq-question-1719308100334\"><strong class=\"schema-faq-question\"><strong>How do I place an order?<\/strong><\/strong> <p class=\"schema-faq-answer\">You can place an order through the website, email, social networks or contact our consultant by phone.<\/p> <\/div> <div class=\"schema-faq-section\" id=\"faq-question-1719308109083\"><strong class=\"schema-faq-question\"><strong>What is the lead time of the order?<\/strong><\/strong> <p class=\"schema-faq-answer\">Turnaround time 1-2 business days, in order for the order to be delivered on the day of the order must be placed by 19:00.<\/p> <\/div> <div class=\"schema-faq-section\" id=\"faq-question-1719310266102\"><strong class=\"schema-faq-question\"><strong>What are the possible payment methods?<\/strong><\/strong> <p class=\"schema-faq-answer\">You can choose from the following payment methods:<br>-credit card<br>-online payment<br>-bank transfer<br>-Pay Pal<br>-Cash on delivery at the store<\/p> <\/div> <div class=\"schema-faq-section\" id=\"faq-question-1719310286212\"><strong class=\"schema-faq-question\"><strong>How long will the balloons float?<\/strong><\/strong> <p class=\"schema-faq-answer\">In addition to helium, we fill all latex balloons with a special gel that extends the floating time of the balloons to 3-4 days.<br>Foil balloons made of impermeable mycofilm have different properties \u2013 they will float much longer \u2013 depending on the shape (from a week to a month).<br>Some factors have a negative impact on the durability of balloons and can shorten their float time.<br>These are primarily:<br>-Conditioning<br>-Storing balloons for long periods of time at too low or high a temperature<br>-Pounding and squeezing a balloon<br>-Exposure to heat sources and sunlight.<\/p> <\/div> <div class=\"schema-faq-section\" id=\"faq-question-1719310309407\"><strong class=\"schema-faq-question\"><strong>Can a ticket be attached to the order?<\/strong><\/strong> <p class=\"schema-faq-answer\">Of course! With each order we add a ticket, on which can be any inscription.<\/p> <\/div> <div class=\"schema-faq-section\" id=\"faq-question-1719310321098\"><strong class=\"schema-faq-question\"><strong>Can you create your own bouquet or balloon set?<\/strong><\/strong> <p class=\"schema-faq-answer\">Yes, if you don&#8217;t like any of our ready-made bouquets or balloon kits please contact us with the details of your order.<\/p> <\/div> <div class=\"schema-faq-section\" id=\"faq-question-1719310335809\"><strong class=\"schema-faq-question\"><strong>How to take care of flowers?<\/strong><\/strong> <p class=\"schema-faq-answer\">Each bouquet comes with a card with instructions on how to care for the bouquet and the flowers in the box<br>The most important rules on how to prolong the freshness of flowers:<br>-Flowers should be watered<br>-Cut the ends<br>-Keep away from radiators and other heat sources.<\/p> <\/div> <\/div>\n","protected":false},"excerpt":{"rendered":"","protected":false},"author":1,"featured_media":0,"parent":0,"menu_order":0,"comment_status":"closed","ping_status":"closed","template":"","meta":{"footnotes":""},"class_list":["post-20818","page","type-page","status-publish","hentry"],"yoast_head":"<!-- This site is optimized with the Yoast SEO plugin v25.7 - https:\/\/yoast.com\/wordpress\/plugins\/seo\/ -->\n<title>FAQ -<\/title>\n<meta name=\"robots\" content=\"index, follow, max-snippet:-1, max-image-preview:large, max-video-preview:-1\" \/>\n<meta property=\"og:type\" content=\"article\" \/>\n<meta property=\"og:title\" content=\"FAQ -\" \/>\n<meta property=\"og:url\" content=\"https:\/\/giftbar.flowers\/en\/faq\/\" \/>\n<meta property=\"og:site_name\" content=\"Giftbar\" \/>\n<meta property=\"article:modified_time\" content=\"2024-08-24T10:51:53+00:00\" \/>\n<meta name=\"twitter:card\" content=\"summary_large_image\" \/>\n<meta name=\"twitter:label1\" content=\"Estimated reading time\" \/>\n\t<meta name=\"twitter:data1\" content=\"1 minute\" \/>\n<script type=\"application\/ld+json\" class=\"yoast-schema-graph\">{\"@context\":\"https:\/\/schema.org\",\"@graph\":[{\"@type\":[\"WebPage\",\"FAQPage\"],\"@id\":\"https:\/\/giftbar.flowers\/en\/faq\/\",\"url\":\"https:\/\/giftbar.flowers\/en\/faq\/\",\"name\":\"FAQ -\",\"isPartOf\":{\"@id\":\"https:\/\/giftbar.flowers\/#website\"},\"datePublished\":\"2024-06-25T09:35:28+00:00\",\"dateModified\":\"2024-08-24T10:51:53+00:00\",\"mainEntity\":[{\"@id\":\"https:\/\/giftbar.flowers\/en\/faq\/#faq-question-1719308100334\"},{\"@id\":\"https:\/\/giftbar.flowers\/en\/faq\/#faq-question-1719308109083\"},{\"@id\":\"https:\/\/giftbar.flowers\/en\/faq\/#faq-question-1719310266102\"},{\"@id\":\"https:\/\/giftbar.flowers\/en\/faq\/#faq-question-1719310286212\"},{\"@id\":\"https:\/\/giftbar.flowers\/en\/faq\/#faq-question-1719310309407\"},{\"@id\":\"https:\/\/giftbar.flowers\/en\/faq\/#faq-question-1719310321098\"},{\"@id\":\"https:\/\/giftbar.flowers\/en\/faq\/#faq-question-1719310335809\"}],\"inLanguage\":\"en-GB\",\"potentialAction\":[{\"@type\":\"ReadAction\",\"target\":[\"https:\/\/giftbar.flowers\/en\/faq\/\"]}]},{\"@type\":\"WebSite\",\"@id\":\"https:\/\/giftbar.flowers\/#website\",\"url\":\"https:\/\/giftbar.flowers\/\",\"name\":\"Giftbar Flowers\",\"description\":\"\u0434\u043e\u0441\u0442\u0430\u0432\u043a\u0430 \u043a\u0432\u0456\u0442\u0456\u0432, \u043a\u0443\u043b\u044c\u043e\u043a, \u043f\u043e\u0434\u0430\u0440\u0443\u043d\u043a\u0456\u0432.\",\"alternateName\":\"Giftbar Flowers\",\"potentialAction\":[{\"@type\":\"SearchAction\",\"target\":{\"@type\":\"EntryPoint\",\"urlTemplate\":\"https:\/\/giftbar.flowers\/?s={search_term_string}\"},\"query-input\":{\"@type\":\"PropertyValueSpecification\",\"valueRequired\":true,\"valueName\":\"search_term_string\"}}],\"inLanguage\":\"en-GB\"},{\"@type\":\"Question\",\"@id\":\"https:\/\/giftbar.flowers\/en\/faq\/#faq-question-1719308100334\",\"position\":1,\"url\":\"https:\/\/giftbar.flowers\/en\/faq\/#faq-question-1719308100334\",\"name\":\"Jak mog\u0119 z\u0142o\u017cy\u0107 zam\u00f3wienie?\",\"answerCount\":1,\"acceptedAnswer\":{\"@type\":\"Answer\",\"text\":\"Zam\u00f3wienie mo\u017cna z\u0142o\u017cy\u0107 przez stron\u0119 internetow\u0105, e-mail, w sieciach spo\u0142eczno\u015bciowych lub skontaktowa\u0107 si\u0119 z naszym konsultantem telefonicznie.\",\"inLanguage\":\"en-GB\"},\"inLanguage\":\"en-GB\"},{\"@type\":\"Question\",\"@id\":\"https:\/\/giftbar.flowers\/en\/faq\/#faq-question-1719308109083\",\"position\":2,\"url\":\"https:\/\/giftbar.flowers\/en\/faq\/#faq-question-1719308109083\",\"name\":\"Jaki jest czas realizacji zam\u00f3wienia?\",\"answerCount\":1,\"acceptedAnswer\":{\"@type\":\"Answer\",\"text\":\"Czas realizacji 1-2 dni robocze, aby zam\u00f3wienie zosta\u0142o dostarczone w dniu sk\u0142adania zam\u00f3wienia nale\u017cy go z\u0142o\u017cy\u0107 do godziny 19:00.\",\"inLanguage\":\"en-GB\"},\"inLanguage\":\"en-GB\"},{\"@type\":\"Question\",\"@id\":\"https:\/\/giftbar.flowers\/en\/faq\/#faq-question-1719310266102\",\"position\":3,\"url\":\"https:\/\/giftbar.flowers\/en\/faq\/#faq-question-1719310266102\",\"name\":\"Jakie s\u0105 mo\u017cliwe metody p\u0142atno\u015bci?\",\"answerCount\":1,\"acceptedAnswer\":{\"@type\":\"Answer\",\"text\":\"Do wyboru s\u0105 nast\u0119puj\u0105ce metody p\u0142atno\u015bci:<br\/>-karta kredytowa<br\/>-p\u0142atno\u015b\u0107 online<br\/>-przelew bankowy<br\/>-Pay Pal<br\/>-Got\u00f3wk\u0105 przy odbiorze w sklepie\",\"inLanguage\":\"en-GB\"},\"inLanguage\":\"en-GB\"},{\"@type\":\"Question\",\"@id\":\"https:\/\/giftbar.flowers\/en\/faq\/#faq-question-1719310286212\",\"position\":4,\"url\":\"https:\/\/giftbar.flowers\/en\/faq\/#faq-question-1719310286212\",\"name\":\"Jak d\u0142ugo b\u0119d\u0105 unosi\u0107 si\u0119 balony?\",\"answerCount\":1,\"acceptedAnswer\":{\"@type\":\"Answer\",\"text\":\"Opr\u00f3cz helu wszystkie balony lateksowe wype\u0142niamy specjalnym \u017celem, kt\u00f3ry przed\u0142u\u017ca czas unoszenia si\u0119 balon\u00f3w do 3-4 dni.<br\/>Balony foliowe wykonane z nieprzepuszczaj\u0105cej mikofolii maj\u0105 inne w\u0142a\u015bciwo\u015bci \u2013 b\u0119d\u0105 unosi\u0107 si\u0119 znacznie d\u0142u\u017cej-zale\u017cnie od kszta\u0142tu (od tygodnia do miesi\u0105ca).<br\/>Niekt\u00f3re czynniki maj\u0105 negatywny wp\u0142yw na trwa\u0142o\u015b\u0107 balon\u00f3w i mog\u0105 skr\u00f3ci\u0107 czas ich unoszenia si\u0119.<br\/>To przede wszystkim:<br\/>-Klimatyzacja<br\/>-Przechowywanie balon\u00f3w przez d\u0142u\u017cszy okres czasu w zbyt niskiej lub wysokiej temperaturze<br\/>-Obijanie i \u015bciskanie balona<br\/>-Wystawienie na oddzia\u0142ywanie \u017ar\u00f3de\u0142 ciep\u0142a oraz promieni s\u0142onecznych.\",\"inLanguage\":\"en-GB\"},\"inLanguage\":\"en-GB\"},{\"@type\":\"Question\",\"@id\":\"https:\/\/giftbar.flowers\/en\/faq\/#faq-question-1719310309407\",\"position\":5,\"url\":\"https:\/\/giftbar.flowers\/en\/faq\/#faq-question-1719310309407\",\"name\":\"Czy do zam\u00f3wienia mo\u017cna do\u0142\u0105czy\u0107 bilecik?\",\"answerCount\":1,\"acceptedAnswer\":{\"@type\":\"Answer\",\"text\":\"Oczywi\u015bcie! Do ka\u017cdego zam\u00f3wienia dodajemy bilecik, na kt\u00f3rym mo\u017ce by\u0107 dowolny napis.\",\"inLanguage\":\"en-GB\"},\"inLanguage\":\"en-GB\"},{\"@type\":\"Question\",\"@id\":\"https:\/\/giftbar.flowers\/en\/faq\/#faq-question-1719310321098\",\"position\":6,\"url\":\"https:\/\/giftbar.flowers\/en\/faq\/#faq-question-1719310321098\",\"name\":\"Czy mo\u017cna stworzy\u0107 w\u0142asny bukiet lub zestaw balon\u00f3wy?\",\"answerCount\":1,\"acceptedAnswer\":{\"@type\":\"Answer\",\"text\":\"Tak, je\u015bli nie przypad\u0142 Ci do gustu \u017caden z naszych gotowych bukiet\u00f3w lub zestaw\u00f3w balonowych skontaktuj si\u0119 z nami i podaj szczeg\u00f3\u0142y Twojego zam\u00f3wienia.\",\"inLanguage\":\"en-GB\"},\"inLanguage\":\"en-GB\"},{\"@type\":\"Question\",\"@id\":\"https:\/\/giftbar.flowers\/en\/faq\/#faq-question-1719310335809\",\"position\":7,\"url\":\"https:\/\/giftbar.flowers\/en\/faq\/#faq-question-1719310335809\",\"name\":\"Jak piel\u0119gnowa\u0107 kwiaty?\",\"answerCount\":1,\"acceptedAnswer\":{\"@type\":\"Answer\",\"text\":\"Do ka\u017cdego bukietu do\u0142\u0105czamy kartk\u0119 z instrukcj\u0105 jak dba\u0107 o bukiet oraz kwiaty w pude\u0142ku<br\/>Najwa\u017cniejsze zasady, jak przed\u0142u\u017cy\u0107 \u015bwie\u017co\u015b\u0107 kwiat\u00f3w:<br\/>-Kwiaty nale\u017cy podlewa\u0107<br\/>-Podcina\u0107 ko\u0144c\u00f3wki<br\/>-Przechowywa\u0107 z dala od grzejnik\u00f3w i innych \u017ar\u00f3de\u0142 ciep\u0142a.\",\"inLanguage\":\"en-GB\"},\"inLanguage\":\"en-GB\"}]}<\/script>\n<!-- \/ Yoast SEO plugin. -->","yoast_head_json":{"title":"FAQ -","robots":{"index":"index","follow":"follow","max-snippet":"max-snippet:-1","max-image-preview":"max-image-preview:large","max-video-preview":"max-video-preview:-1"},"og_type":"article","og_title":"FAQ -","og_url":"https:\/\/giftbar.flowers\/en\/faq\/","og_site_name":"Giftbar","article_modified_time":"2024-08-24T10:51:53+00:00","twitter_card":"summary_large_image","twitter_misc":{"Estimated reading time":"1 minute"},"schema":{"@context":"https:\/\/schema.org","@graph":[{"@type":["WebPage","FAQPage"],"@id":"https:\/\/giftbar.flowers\/en\/faq\/","url":"https:\/\/giftbar.flowers\/en\/faq\/","name":"FAQ -","isPartOf":{"@id":"https:\/\/giftbar.flowers\/#website"},"datePublished":"2024-06-25T09:35:28+00:00","dateModified":"2024-08-24T10:51:53+00:00","mainEntity":[{"@id":"https:\/\/giftbar.flowers\/en\/faq\/#faq-question-1719308100334"},{"@id":"https:\/\/giftbar.flowers\/en\/faq\/#faq-question-1719308109083"},{"@id":"https:\/\/giftbar.flowers\/en\/faq\/#faq-question-1719310266102"},{"@id":"https:\/\/giftbar.flowers\/en\/faq\/#faq-question-1719310286212"},{"@id":"https:\/\/giftbar.flowers\/en\/faq\/#faq-question-1719310309407"},{"@id":"https:\/\/giftbar.flowers\/en\/faq\/#faq-question-1719310321098"},{"@id":"https:\/\/giftbar.flowers\/en\/faq\/#faq-question-1719310335809"}],"inLanguage":"en-GB","potentialAction":[{"@type":"ReadAction","target":["https:\/\/giftbar.flowers\/en\/faq\/"]}]},{"@type":"WebSite","@id":"https:\/\/giftbar.flowers\/#website","url":"https:\/\/giftbar.flowers\/","name":"Giftbar Flowers","description":"\u0434\u043e\u0441\u0442\u0430\u0432\u043a\u0430 \u043a\u0432\u0456\u0442\u0456\u0432, \u043a\u0443\u043b\u044c\u043e\u043a, \u043f\u043e\u0434\u0430\u0440\u0443\u043d\u043a\u0456\u0432.","alternateName":"Giftbar Flowers","potentialAction":[{"@type":"SearchAction","target":{"@type":"EntryPoint","urlTemplate":"https:\/\/giftbar.flowers\/?s={search_term_string}"},"query-input":{"@type":"PropertyValueSpecification","valueRequired":true,"valueName":"search_term_string"}}],"inLanguage":"en-GB"},{"@type":"Question","@id":"https:\/\/giftbar.flowers\/en\/faq\/#faq-question-1719308100334","position":1,"url":"https:\/\/giftbar.flowers\/en\/faq\/#faq-question-1719308100334","name":"Jak mog\u0119 z\u0142o\u017cy\u0107 zam\u00f3wienie?","answerCount":1,"acceptedAnswer":{"@type":"Answer","text":"Zam\u00f3wienie mo\u017cna z\u0142o\u017cy\u0107 przez stron\u0119 internetow\u0105, e-mail, w sieciach spo\u0142eczno\u015bciowych lub skontaktowa\u0107 si\u0119 z naszym konsultantem telefonicznie.","inLanguage":"en-GB"},"inLanguage":"en-GB"},{"@type":"Question","@id":"https:\/\/giftbar.flowers\/en\/faq\/#faq-question-1719308109083","position":2,"url":"https:\/\/giftbar.flowers\/en\/faq\/#faq-question-1719308109083","name":"Jaki jest czas realizacji zam\u00f3wienia?","answerCount":1,"acceptedAnswer":{"@type":"Answer","text":"Czas realizacji 1-2 dni robocze, aby zam\u00f3wienie zosta\u0142o dostarczone w dniu sk\u0142adania zam\u00f3wienia nale\u017cy go z\u0142o\u017cy\u0107 do godziny 19:00.","inLanguage":"en-GB"},"inLanguage":"en-GB"},{"@type":"Question","@id":"https:\/\/giftbar.flowers\/en\/faq\/#faq-question-1719310266102","position":3,"url":"https:\/\/giftbar.flowers\/en\/faq\/#faq-question-1719310266102","name":"Jakie s\u0105 mo\u017cliwe metody p\u0142atno\u015bci?","answerCount":1,"acceptedAnswer":{"@type":"Answer","text":"Do wyboru s\u0105 nast\u0119puj\u0105ce metody p\u0142atno\u015bci:<br\/>-karta kredytowa<br\/>-p\u0142atno\u015b\u0107 online<br\/>-przelew bankowy<br\/>-Pay Pal<br\/>-Got\u00f3wk\u0105 przy odbiorze w sklepie","inLanguage":"en-GB"},"inLanguage":"en-GB"},{"@type":"Question","@id":"https:\/\/giftbar.flowers\/en\/faq\/#faq-question-1719310286212","position":4,"url":"https:\/\/giftbar.flowers\/en\/faq\/#faq-question-1719310286212","name":"Jak d\u0142ugo b\u0119d\u0105 unosi\u0107 si\u0119 balony?","answerCount":1,"acceptedAnswer":{"@type":"Answer","text":"Opr\u00f3cz helu wszystkie balony lateksowe wype\u0142niamy specjalnym \u017celem, kt\u00f3ry przed\u0142u\u017ca czas unoszenia si\u0119 balon\u00f3w do 3-4 dni.<br\/>Balony foliowe wykonane z nieprzepuszczaj\u0105cej mikofolii maj\u0105 inne w\u0142a\u015bciwo\u015bci \u2013 b\u0119d\u0105 unosi\u0107 si\u0119 znacznie d\u0142u\u017cej-zale\u017cnie od kszta\u0142tu (od tygodnia do miesi\u0105ca).<br\/>Niekt\u00f3re czynniki maj\u0105 negatywny wp\u0142yw na trwa\u0142o\u015b\u0107 balon\u00f3w i mog\u0105 skr\u00f3ci\u0107 czas ich unoszenia si\u0119.<br\/>To przede wszystkim:<br\/>-Klimatyzacja<br\/>-Przechowywanie balon\u00f3w przez d\u0142u\u017cszy okres czasu w zbyt niskiej lub wysokiej temperaturze<br\/>-Obijanie i \u015bciskanie balona<br\/>-Wystawienie na oddzia\u0142ywanie \u017ar\u00f3de\u0142 ciep\u0142a oraz promieni s\u0142onecznych.","inLanguage":"en-GB"},"inLanguage":"en-GB"},{"@type":"Question","@id":"https:\/\/giftbar.flowers\/en\/faq\/#faq-question-1719310309407","position":5,"url":"https:\/\/giftbar.flowers\/en\/faq\/#faq-question-1719310309407","name":"Czy do zam\u00f3wienia mo\u017cna do\u0142\u0105czy\u0107 bilecik?","answerCount":1,"acceptedAnswer":{"@type":"Answer","text":"Oczywi\u015bcie! Do ka\u017cdego zam\u00f3wienia dodajemy bilecik, na kt\u00f3rym mo\u017ce by\u0107 dowolny napis.","inLanguage":"en-GB"},"inLanguage":"en-GB"},{"@type":"Question","@id":"https:\/\/giftbar.flowers\/en\/faq\/#faq-question-1719310321098","position":6,"url":"https:\/\/giftbar.flowers\/en\/faq\/#faq-question-1719310321098","name":"Czy mo\u017cna stworzy\u0107 w\u0142asny bukiet lub zestaw balon\u00f3wy?","answerCount":1,"acceptedAnswer":{"@type":"Answer","text":"Tak, je\u015bli nie przypad\u0142 Ci do gustu \u017caden z naszych gotowych bukiet\u00f3w lub zestaw\u00f3w balonowych skontaktuj si\u0119 z nami i podaj szczeg\u00f3\u0142y Twojego zam\u00f3wienia.","inLanguage":"en-GB"},"inLanguage":"en-GB"},{"@type":"Question","@id":"https:\/\/giftbar.flowers\/en\/faq\/#faq-question-1719310335809","position":7,"url":"https:\/\/giftbar.flowers\/en\/faq\/#faq-question-1719310335809","name":"Jak piel\u0119gnowa\u0107 kwiaty?","answerCount":1,"acceptedAnswer":{"@type":"Answer","text":"Do ka\u017cdego bukietu do\u0142\u0105czamy kartk\u0119 z instrukcj\u0105 jak dba\u0107 o bukiet oraz kwiaty w pude\u0142ku<br\/>Najwa\u017cniejsze zasady, jak przed\u0142u\u017cy\u0107 \u015bwie\u017co\u015b\u0107 kwiat\u00f3w:<br\/>-Kwiaty nale\u017cy podlewa\u0107<br\/>-Podcina\u0107 ko\u0144c\u00f3wki<br\/>-Przechowywa\u0107 z dala od grzejnik\u00f3w i innych \u017ar\u00f3de\u0142 ciep\u0142a.","inLanguage":"en-GB"},"inLanguage":"en-GB"}]}},"_links":{"self":[{"href":"https:\/\/giftbar.flowers\/en\/wp-json\/wp\/v2\/pages\/20818","targetHints":{"allow":["GET"]}}],"collection":[{"href":"https:\/\/giftbar.flowers\/en\/wp-json\/wp\/v2\/pages"}],"about":[{"href":"https:\/\/giftbar.flowers\/en\/wp-json\/wp\/v2\/types\/page"}],"author":[{"embeddable":true,"href":"https:\/\/giftbar.flowers\/en\/wp-json\/wp\/v2\/users\/1"}],"replies":[{"embeddable":true,"href":"https:\/\/giftbar.flowers\/en\/wp-json\/wp\/v2\/comments?post=20818"}],"version-history":[{"count":0,"href":"https:\/\/giftbar.flowers\/en\/wp-json\/wp\/v2\/pages\/20818\/revisions"}],"wp:attachment":[{"href":"https:\/\/giftbar.flowers\/en\/wp-json\/wp\/v2\/media?parent=20818"}],"curies":[{"name":"wp","href":"https:\/\/api.w.org\/{rel}","templated":true}]}}